{"id":283,"date":"2023-12-19T16:50:04","date_gmt":"2023-12-19T09:50:04","guid":{"rendered":"https:\/\/trasas.com.vn\/?page_id=283"},"modified":"2024-01-25T10:22:34","modified_gmt":"2024-01-25T03:22:34","slug":"international-forwarding-service","status":"publish","type":"page","link":"https:\/\/trasas.com.vn\/vi\/international-forwarding-service\/","title":{"rendered":"\u0110\u1ea1i L\u00fd Giao Nh\u1eadn Qu\u1ed1c T\u1ebf"},"content":{"rendered":"<p>\u0110\u1ed9i ng\u0169 c\u1ee7a TRA-SAS v\u1edbi h\u1ec7 th\u1ed1ng c\u00f4ng ngh\u1ec7 ti\u00ean ti\u1ebfn v\u00e0 s\u1ef1 k\u1ebft n\u1ed1i v\u1edbi c\u00e1c th\u00e0nh vi\u00ean trong Hi\u1ec7p H\u1ed9i WCA v\u00e0 VLA, s\u1ebd c\u00f3 th\u1ec3 t\u00ecm \u0111\u01b0\u1ee3c nh\u1eefng gi\u1ea3i ph\u00e1p v\u1eadn chuy\u1ec3n qu\u1ed1c t\u1ebf ph\u00f9 h\u1ee3p nh\u1ea5t v\u1edbi mong mu\u1ed1n c\u1ee7a kh\u00e1ch h\u00e0ng. Ch\u00fang t\u00f4i \u0111\u00e3 v\u00e0 \u0111ang h\u1ee3p t\u00e1c v\u1edbi c\u00e1c h\u00e3ng v\u1eadn t\u1ea3i h\u00e0ng \u0111\u1ea7u th\u1ebf gi\u1edbi, nh\u01b0 Maersk Line, Hapag-Lloyd, Wanhai, Evergreen v\u00e0 nhi\u1ec1u h\u00e3ng kh\u00e1c nh\u1eb1m \u0111\u1ea3m b\u1ea3o t\u00ednh linh ho\u1ea1t, k\u1ecbp th\u1eddi v\u00e0 kh\u1ea3 n\u0103ng \u0111i\u1ec1u ch\u1ec9nh d\u1ecbch v\u1ee5 theo y\u00eau c\u1ea7u c\u1ee7a qu\u00fd kh\u00e1ch.\u00a0 <\/p>\n\n\n\n<p>B\u1eb1ng m\u1ed1i quan h\u1ec7 \u0111\u1ed1i t\u00e1c m\u1eadt thi\u1ebft v\u1edbi c\u00e1c h\u00e3ng v\u1eadn t\u1ea3i to\u00e0n c\u1ea7u v\u00e0 \u0111\u1ed9i ng\u0169 chuy\u00ean gia v\u1ec1 v\u1eadn chuy\u1ec3n \u0111\u01b0\u1eddng b\u1ed9\/\u0111\u01b0\u1eddng bi\u1ec3n\/ \u0111\u01b0\u1eddng h\u00e0ng kh\u00f4ng\/ \u0111\u01b0\u1eddng s\u1eaft t\u1eadn t\u00e2m, TRA-SAS c\u00f3 th\u1ec3 mang \u0111\u1ebfn: <strong>C\u00f4ng ty C\u1ed5 Ph\u1ea7n V\u1eadn T\u1ea3i V\u00e0 D\u1ecbch V\u1ee5 H\u00e0ng H\u1ea3i - TRA-SAS<\/strong> c\u00f3 th\u1ec3 mang \u0111\u1ebfn:<\/p>\n\n\n\n<ul class=\"wp-block-list\">\n<li>Kh\u1ea3 n\u0103ng ph\u1ee7 s\u00f3ng v\u00e0 gi\u00e1m s\u00e1t th\u00f4ng qua h\u1ec7 th\u1ed1ng theo d\u00f5i 24\/7 c\u1ee7a ch\u00fang t\u00f4i<\/li>\n\n\n\n<li>Kh\u1ea3 n\u0103ng linh ho\u1ea1t x\u1eed l\u00fd y\u00eau c\u1ea7u kh\u00e1ch h\u00e0ng, ti\u1ebfp c\u1eadn c\u00e1c h\u00e3ng v\u1eadn t\u1ea3i \u0111\u1ed1i t\u00e1c nhanh ch\u00f3ng<\/li>\n\n\n\n<li>N\u0103ng l\u1ef1c v\u1eadn chuy\u1ec3n \u0111\u01b0\u1ee3c \u0111\u1ea3m b\u1ea3o an to\u00e0n, hi\u1ec7u qu\u1ea3<\/li>\n\n\n\n<li>Gi\u00e1 c\u01b0\u1edbc c\u1ea1nh tranh tr\u00ean th\u1ecb tr\u01b0\u1eddng<\/li>\n\n\n\n<li>Quy tr\u00ecnh t\u00edch h\u1ee3p EDI (trao \u0111\u1ed5i d\u1eef li\u1ec7u \u0111i\u1ec7n t\u1eed) to\u00e0n ph\u1ea7n, l\u1eadp h\u1ed3 s\u01a1 v\u00e0 theo d\u00f5i t\u00ecnh tr\u1ea1ng v\u1eadn chuy\u1ec3n<\/li>\n<\/ul>\n\n\n\n<p><strong>C\u00e1c d\u1ecbch v\u1ee5 ch\u00ednh:<\/strong><\/p>\n\n\n\n<ul class=\"wp-block-list\">\n<li>D\u1ecbch v\u1ee5 v\u1eadn chuy\u1ec3n \u0111\u01b0\u1eddng bi\u1ec3n<\/li>\n\n\n\n<li>D\u1ecbch v\u1ee5 v\u1eadn chuy\u1ec3n \u0111\u01b0\u1eddng h\u00e0ng kh\u00f4ng<\/li>\n\n\n\n<li>V\u1eadn t\u1ea3i \u0111\u01b0\u1eddng s\u1eaft<\/li>\n\n\n\n<li>V\u1eadn t\u1ea3i \u0111\u01b0\u1eddng b\u1ed9<\/li>\n\n\n\n<li>V\u1eadn t\u1ea3i \u0111a ph\u01b0\u01a1ng th\u1ee9c<\/li>\n<\/ul>\n\n\n\n<p><strong>Kh\u00e1ch h\u00e0ng ti\u00eau bi\u1ec3u:<\/strong><\/p>\n\n\n\n<figure class=\"wp-block-image size-full\"><img loading=\"lazy\" decoding=\"async\" width=\"975\" height=\"409\" src=\"https:\/\/trasas.com.vn\/wp-content\/uploads\/2024\/01\/image-5.png\" alt=\"\" class=\"wp-image-546\" srcset=\"https:\/\/trasas.com.vn\/wp-content\/uploads\/2024\/01\/image-5.png 975w, https:\/\/trasas.com.vn\/wp-content\/uploads\/2024\/01\/image-5-768x322.png 768w, https:\/\/trasas.com.vn\/wp-content\/uploads\/2024\/01\/image-5-18x8.png 18w\" sizes=\"auto, (max-width: 975px) 100vw, 975px\" \/><\/figure>","protected":false},"excerpt":{"rendered":"<p>Our team with our advanced technology systems and connection with other members of WCA &amp; VLA, can find the best international transportation solutions to meet the customer\u2019s expectation. We are partnering with global leading carriers such as Maersk Line, Hapag-Lloyd, Wanhai, Evergreen and others to ensure flexibility, timely and the ability to adjust service according [&hellip;]<\/p>","protected":false},"author":1,"featured_media":445,"parent":0,"menu_order":0,"comment_status":"closed","ping_status":"closed","template":"template-parts\/services-pages.php","meta":{"footnotes":""},"class_list":["post-283","page","type-page","status-publish","has-post-thumbnail","hentry"],"acf":[],"yoast_head":"<!-- This site is optimized with the Yoast SEO plugin v25.8 - https:\/\/yoast.com\/wordpress\/plugins\/seo\/ -->\n<title>International Forwarding Service - TRA-SAS<\/title>\n<meta name=\"robots\" content=\"index, follow, max-snippet:-1, max-image-preview:large, max-video-preview:-1\" \/>\n<link rel=\"canonical\" href=\"https:\/\/trasas.com.vn\/vi\/international-forwarding-service\/\" \/>\n<meta property=\"og:locale\" content=\"vi_VN\" \/>\n<meta property=\"og:type\" content=\"article\" \/>\n<meta property=\"og:title\" content=\"International Forwarding Service - TRA-SAS\" \/>\n<meta property=\"og:description\" content=\"Our team with our advanced technology systems and connection with other members of WCA &amp; VLA, can find the best international transportation solutions to meet the customer\u2019s expectation. We are partnering with global leading carriers such as Maersk Line, Hapag-Lloyd, Wanhai, Evergreen and others to ensure flexibility, timely and the ability to adjust service according [&hellip;]\" \/>\n<meta property=\"og:url\" content=\"https:\/\/trasas.com.vn\/vi\/international-forwarding-service\/\" \/>\n<meta property=\"og:site_name\" content=\"TRA-SAS\" \/>\n<meta property=\"article:modified_time\" content=\"2024-01-25T03:22:34+00:00\" \/>\n<meta property=\"og:image\" content=\"https:\/\/trasas.com.vn\/wp-content\/uploads\/2024\/01\/banner-international-forwarding.jpg\" \/>\n\t<meta property=\"og:image:width\" content=\"2000\" \/>\n\t<meta property=\"og:image:height\" content=\"935\" \/>\n\t<meta property=\"og:image:type\" content=\"image\/jpeg\" \/>\n<meta name=\"twitter:card\" content=\"summary_large_image\" \/>\n<meta name=\"twitter:label1\" content=\"\u01af\u1edbc t\u00ednh th\u1eddi gian \u0111\u1ecdc\" \/>\n\t<meta name=\"twitter:data1\" content=\"1 ph\u00fat\" \/>\n<script type=\"application\/ld+json\" class=\"yoast-schema-graph\">{\"@context\":\"https:\/\/schema.org\",\"@graph\":[{\"@type\":\"WebPage\",\"@id\":\"https:\/\/trasas.com.vn\/international-forwarding-service\/\",\"url\":\"https:\/\/trasas.com.vn\/international-forwarding-service\/\",\"name\":\"International Forwarding Service - TRA-SAS\",\"isPartOf\":{\"@id\":\"https:\/\/trasas.com.vn\/#website\"},\"primaryImageOfPage\":{\"@id\":\"https:\/\/trasas.com.vn\/international-forwarding-service\/#primaryimage\"},\"image\":{\"@id\":\"https:\/\/trasas.com.vn\/international-forwarding-service\/#primaryimage\"},\"thumbnailUrl\":\"https:\/\/trasas.com.vn\/wp-content\/uploads\/2024\/01\/banner-international-forwarding.jpg\",\"datePublished\":\"2023-12-19T09:50:04+00:00\",\"dateModified\":\"2024-01-25T03:22:34+00:00\",\"breadcrumb\":{\"@id\":\"https:\/\/trasas.com.vn\/international-forwarding-service\/#breadcrumb\"},\"inLanguage\":\"vi\",\"potentialAction\":[{\"@type\":\"ReadAction\",\"target\":[\"https:\/\/trasas.com.vn\/international-forwarding-service\/\"]}]},{\"@type\":\"ImageObject\",\"inLanguage\":\"vi\",\"@id\":\"https:\/\/trasas.com.vn\/international-forwarding-service\/#primaryimage\",\"url\":\"https:\/\/trasas.com.vn\/wp-content\/uploads\/2024\/01\/banner-international-forwarding.jpg\",\"contentUrl\":\"https:\/\/trasas.com.vn\/wp-content\/uploads\/2024\/01\/banner-international-forwarding.jpg\",\"width\":2000,\"height\":935},{\"@type\":\"BreadcrumbList\",\"@id\":\"https:\/\/trasas.com.vn\/international-forwarding-service\/#breadcrumb\",\"itemListElement\":[{\"@type\":\"ListItem\",\"position\":1,\"name\":\"Home\",\"item\":\"https:\/\/trasas.com.vn\/\"},{\"@type\":\"ListItem\",\"position\":2,\"name\":\"International Forwarding Service\"}]},{\"@type\":\"WebSite\",\"@id\":\"https:\/\/trasas.com.vn\/#website\",\"url\":\"https:\/\/trasas.com.vn\/\",\"name\":\"TRA-SAS\",\"description\":\"\",\"potentialAction\":[{\"@type\":\"SearchAction\",\"target\":{\"@type\":\"EntryPoint\",\"urlTemplate\":\"https:\/\/trasas.com.vn\/?s={search_term_string}\"},\"query-input\":{\"@type\":\"PropertyValueSpecification\",\"valueRequired\":true,\"valueName\":\"search_term_string\"}}],\"inLanguage\":\"vi\"}]}<\/script>\n<!-- \/ Yoast SEO plugin. -->","yoast_head_json":{"title":"International Forwarding Service - TRA-SAS","robots":{"index":"index","follow":"follow","max-snippet":"max-snippet:-1","max-image-preview":"max-image-preview:large","max-video-preview":"max-video-preview:-1"},"canonical":"https:\/\/trasas.com.vn\/vi\/international-forwarding-service\/","og_locale":"vi_VN","og_type":"article","og_title":"International Forwarding Service - TRA-SAS","og_description":"Our team with our advanced technology systems and connection with other members of WCA &amp; VLA, can find the best international transportation solutions to meet the customer\u2019s expectation. We are partnering with global leading carriers such as Maersk Line, Hapag-Lloyd, Wanhai, Evergreen and others to ensure flexibility, timely and the ability to adjust service according [&hellip;]","og_url":"https:\/\/trasas.com.vn\/vi\/international-forwarding-service\/","og_site_name":"TRA-SAS","article_modified_time":"2024-01-25T03:22:34+00:00","og_image":[{"width":2000,"height":935,"url":"https:\/\/trasas.com.vn\/wp-content\/uploads\/2024\/01\/banner-international-forwarding.jpg","type":"image\/jpeg"}],"twitter_card":"summary_large_image","twitter_misc":{"\u01af\u1edbc t\u00ednh th\u1eddi gian \u0111\u1ecdc":"1 ph\u00fat"},"schema":{"@context":"https:\/\/schema.org","@graph":[{"@type":"WebPage","@id":"https:\/\/trasas.com.vn\/international-forwarding-service\/","url":"https:\/\/trasas.com.vn\/international-forwarding-service\/","name":"International Forwarding Service - TRA-SAS","isPartOf":{"@id":"https:\/\/trasas.com.vn\/#website"},"primaryImageOfPage":{"@id":"https:\/\/trasas.com.vn\/international-forwarding-service\/#primaryimage"},"image":{"@id":"https:\/\/trasas.com.vn\/international-forwarding-service\/#primaryimage"},"thumbnailUrl":"https:\/\/trasas.com.vn\/wp-content\/uploads\/2024\/01\/banner-international-forwarding.jpg","datePublished":"2023-12-19T09:50:04+00:00","dateModified":"2024-01-25T03:22:34+00:00","breadcrumb":{"@id":"https:\/\/trasas.com.vn\/international-forwarding-service\/#breadcrumb"},"inLanguage":"vi","potentialAction":[{"@type":"ReadAction","target":["https:\/\/trasas.com.vn\/international-forwarding-service\/"]}]},{"@type":"ImageObject","inLanguage":"vi","@id":"https:\/\/trasas.com.vn\/international-forwarding-service\/#primaryimage","url":"https:\/\/trasas.com.vn\/wp-content\/uploads\/2024\/01\/banner-international-forwarding.jpg","contentUrl":"https:\/\/trasas.com.vn\/wp-content\/uploads\/2024\/01\/banner-international-forwarding.jpg","width":2000,"height":935},{"@type":"BreadcrumbList","@id":"https:\/\/trasas.com.vn\/international-forwarding-service\/#breadcrumb","itemListElement":[{"@type":"ListItem","position":1,"name":"Home","item":"https:\/\/trasas.com.vn\/"},{"@type":"ListItem","position":2,"name":"International Forwarding Service"}]},{"@type":"WebSite","@id":"https:\/\/trasas.com.vn\/#website","url":"https:\/\/trasas.com.vn\/","name":"TRA-SAS","description":"","potentialAction":[{"@type":"SearchAction","target":{"@type":"EntryPoint","urlTemplate":"https:\/\/trasas.com.vn\/?s={search_term_string}"},"query-input":{"@type":"PropertyValueSpecification","valueRequired":true,"valueName":"search_term_string"}}],"inLanguage":"vi"}]}},"_links":{"self":[{"href":"https:\/\/trasas.com.vn\/vi\/wp-json\/wp\/v2\/pages\/283","targetHints":{"allow":["GET"]}}],"collection":[{"href":"https:\/\/trasas.com.vn\/vi\/wp-json\/wp\/v2\/pages"}],"about":[{"href":"https:\/\/trasas.com.vn\/vi\/wp-json\/wp\/v2\/types\/page"}],"author":[{"embeddable":true,"href":"https:\/\/trasas.com.vn\/vi\/wp-json\/wp\/v2\/users\/1"}],"replies":[{"embeddable":true,"href":"https:\/\/trasas.com.vn\/vi\/wp-json\/wp\/v2\/comments?post=283"}],"version-history":[{"count":7,"href":"https:\/\/trasas.com.vn\/vi\/wp-json\/wp\/v2\/pages\/283\/revisions"}],"predecessor-version":[{"id":1811,"href":"https:\/\/trasas.com.vn\/vi\/wp-json\/wp\/v2\/pages\/283\/revisions\/1811"}],"wp:featuredmedia":[{"embeddable":true,"href":"https:\/\/trasas.com.vn\/vi\/wp-json\/wp\/v2\/media\/445"}],"wp:attachment":[{"href":"https:\/\/trasas.com.vn\/vi\/wp-json\/wp\/v2\/media?parent=283"}],"curies":[{"name":"wp","href":"https:\/\/api.w.org\/{rel}","templated":true}]}}