{"id":281,"date":"2023-12-19T16:49:29","date_gmt":"2023-12-19T09:49:29","guid":{"rendered":"https:\/\/trasas.com.vn\/?page_id=281"},"modified":"2024-01-25T10:20:46","modified_gmt":"2024-01-25T03:20:46","slug":"i-o-r-service","status":"publish","type":"page","link":"https:\/\/trasas.com.vn\/vi\/i-o-r-service\/","title":{"rendered":"D\u1ecbch V\u1ee5 \u1ee6y Th\u00e1c"},"content":{"rendered":"<p>V\u1edbi kinh nghi\u1ec7m v\u00e0 nh\u1eefng th\u1ebf m\u1ea1nh v\u01b0\u1ee3t b\u1eadc c\u1ee7a <strong>C\u00f4ng ty C\u1ed5 Ph\u1ea7n V\u1eadn T\u1ea3i V\u00e0 D\u1ecbch V\u1ee5 H\u00e0ng H\u1ea3i - TRA-SAS<\/strong> trong l\u0129nh v\u1ef1c xu\u1ea5t nh\u1eadp kh\u1ea9u nhi\u1ec1u n\u0103m qua, ch\u00fang t\u00f4i t\u1ef1 tin l\u00e0 \u0111\u01a1n v\u1ecb th\u1ef1c hi\u1ec7n <strong>D\u1ecbch v\u1ee5 \u1ee7y th\u00e1c <\/strong> t\u00edn nhi\u1ec7m, minh b\u1ea1ch, chuy\u00ean nghi\u1ec7p v\u00e0 hi\u1ec7u qu\u1ea3 cho t\u1ea5t c\u1ea3 c\u00e1c kh\u00e1ch h\u00e0ng v\u00e0 \u0111\u1ed1i t\u00e1c.<\/p>\n\n\n\n<p><strong>Th\u1ebf m\u1ea1nh c\u1ee7a TRA-SAS:<\/strong><\/p>\n\n\n\n<ul class=\"wp-block-list\">\n<li>Gi\u1ea5y ph\u00e9p kinh doanh ho\u1ea1t \u0111\u1ed9ng \u0111a l\u0129nh v\u1ef1c, \u0111a ng\u00e0nh ngh\u1ec1.<\/li>\n\n\n\n<li>N\u0103ng l\u1ef1c t\u00e0i ch\u00ednh m\u1ea1nh: L\u00e3i tr\u00ean c\u1ed5 phi\u1ebfu lu\u00f4n tr\u00ean 75% v\u1ed1n ph\u00e1p \u0111\u1ecbnh, t\u1ef7 l\u1ec7 t\u00e0i ch\u00ednh t\u1ed1t, l\u00e0 \u0111\u1ed1i t\u00e1c V.I.P \u0111\u00e1ng tin c\u1eady c\u1ee7a c\u00e1c ng\u00e2n h\u00e0ng trong n\u01b0\u1edbc v\u00e0 qu\u1ed1c t\u1ebf nh\u01b0 Vietcombank, HSBC, ACB, Sacombank\u2026cho ph\u00e9p huy \u0111\u1ed9ng v\u1ed1n l\u01b0u \u0111\u1ed9ng v\u1edbi m\u1ee9c l\u00e3i su\u1ea5t \u01b0u ti\u00ean.<\/li>\n\n\n\n<li>\u0110\u1ed9i ng\u0169 qu\u1ea3n l\u00fd v\u00e0 nh\u00e2n vi\u00ean gi\u00e0u ki\u1ebfn th\u1ee9c, h\u1ed7 tr\u1ee3 nhi\u1ec7t t\u00ecnh, nhi\u1ec1u kinh nghi\u1ec7m v\u00e0 chuy\u00ean nghi\u1ec7p, \u0111em \u0111\u1ebfn tr\u1ea3i nghi\u1ec7m d\u1ecbch v\u1ee5 ho\u00e0n h\u1ea3o v\u00e0 s\u1ef1 trung th\u00e0nh c\u1ee7a kh\u00e1ch h\u00e0ng. <br>K\u1ebft qu\u1ea3:<br>&#8211; <strong>C\u00f4ng ty C\u1ed5 Ph\u1ea7n V\u1eadn T\u1ea3i V\u00e0 D\u1ecbch V\u1ee5 H\u00e0ng H\u1ea3i - TRA-SAS<\/strong>&nbsp;l\u00e0 \u0111\u01a1n v\u1ecb nh\u1eadp kh\u1ea9u \u1ee7y th\u00e1c uy t\u00edn c\u1ee7a McDonald\u2019s v\u00e0 Starbuck Vi\u1ec7t Nam t\u1eeb n\u0103m 2013 \u0111\u1ebfn nay.<br>&#8211; <strong>C\u00f4ng ty C\u1ed5 Ph\u1ea7n V\u1eadn T\u1ea3i V\u00e0 D\u1ecbch V\u1ee5 H\u00e0ng H\u1ea3i - TRA-SAS<\/strong> t\u1ef1 h\u00e0o \u0111\u01b0\u1ee3c C\u1ee5c H\u1ea3i Quan H\u1ed3 Ch\u00ed Minh v\u00e0 C\u1ea3ng C\u00e1t L\u00e1i l\u1ef1a ch\u1ecdn l\u00e0 m\u1ed9t trong c\u00e1c Doanh nghi\u1ec7p \u0111\u1ee7 \u0111i\u1ec1u ki\u1ec7n tham gia D\u1ef1 \u00e1n t\u1ea1o thu\u1eadn l\u1ee3i h\u00f3a th\u01b0\u01a1ng m\u1ea1i n\u0103m 2020.<br><\/li>\n<\/ul>\n\n\n\n<p><strong>Kh\u00e1ch h\u00e0ng ti\u00eau bi\u1ec3u:<\/strong><\/p>\n\n\n\n<figure class=\"wp-block-image size-full\"><img loading=\"lazy\" decoding=\"async\" width=\"1072\" height=\"867\" src=\"https:\/\/trasas.com.vn\/wp-content\/uploads\/2024\/01\/screenshot_1705634427.png\" alt=\"\" class=\"wp-image-1605\" srcset=\"https:\/\/trasas.com.vn\/wp-content\/uploads\/2024\/01\/screenshot_1705634427.png 1072w, https:\/\/trasas.com.vn\/wp-content\/uploads\/2024\/01\/screenshot_1705634427-768x621.png 768w, https:\/\/trasas.com.vn\/wp-content\/uploads\/2024\/01\/screenshot_1705634427-15x12.png 15w\" sizes=\"auto, (max-width: 1072px) 100vw, 1072px\" \/><\/figure>","protected":false},"excerpt":{"rendered":"<p>With the experience and outstanding strengths of TRA-SAS in the import and export sector for many years, we are confident to be a trusted, transparent, professional and efficient trust service provider for all customers and partners. OUR STRENGTHS: TYPICAL CUSTOMERS:<\/p>","protected":false},"author":1,"featured_media":315,"parent":0,"menu_order":0,"comment_status":"closed","ping_status":"closed","template":"template-parts\/services-pages.php","meta":{"footnotes":""},"class_list":["post-281","page","type-page","status-publish","has-post-thumbnail","hentry"],"acf":[],"yoast_head":"<!-- This site is optimized with the Yoast SEO plugin v25.8 - https:\/\/yoast.com\/wordpress\/plugins\/seo\/ -->\n<title>I.O.R Service - TRA-SAS<\/title>\n<meta name=\"robots\" content=\"index, follow, max-snippet:-1, max-image-preview:large, max-video-preview:-1\" \/>\n<link rel=\"canonical\" href=\"https:\/\/trasas.com.vn\/vi\/i-o-r-service\/\" \/>\n<meta property=\"og:locale\" content=\"vi_VN\" \/>\n<meta property=\"og:type\" content=\"article\" \/>\n<meta property=\"og:title\" content=\"I.O.R Service - TRA-SAS\" \/>\n<meta property=\"og:description\" content=\"With the experience and outstanding strengths of TRA-SAS in the import and export sector for many years, we are confident to be a trusted, transparent, professional and efficient trust service provider for all customers and partners. OUR STRENGTHS: TYPICAL CUSTOMERS:\" \/>\n<meta property=\"og:url\" content=\"https:\/\/trasas.com.vn\/vi\/i-o-r-service\/\" \/>\n<meta property=\"og:site_name\" content=\"TRA-SAS\" \/>\n<meta property=\"article:modified_time\" content=\"2024-01-25T03:20:46+00:00\" \/>\n<meta property=\"og:image\" content=\"https:\/\/trasas.com.vn\/wp-content\/uploads\/2023\/12\/TRASAS-DG-2.jpg\" \/>\n\t<meta property=\"og:image:width\" content=\"1280\" \/>\n\t<meta property=\"og:image:height\" content=\"752\" \/>\n\t<meta property=\"og:image:type\" content=\"image\/jpeg\" \/>\n<meta name=\"twitter:card\" content=\"summary_large_image\" \/>\n<meta name=\"twitter:label1\" content=\"\u01af\u1edbc t\u00ednh th\u1eddi gian \u0111\u1ecdc\" \/>\n\t<meta name=\"twitter:data1\" content=\"2 ph\u00fat\" \/>\n<script type=\"application\/ld+json\" class=\"yoast-schema-graph\">{\"@context\":\"https:\/\/schema.org\",\"@graph\":[{\"@type\":\"WebPage\",\"@id\":\"https:\/\/trasas.com.vn\/i-o-r-service\/\",\"url\":\"https:\/\/trasas.com.vn\/i-o-r-service\/\",\"name\":\"I.O.R Service - TRA-SAS\",\"isPartOf\":{\"@id\":\"https:\/\/trasas.com.vn\/#website\"},\"primaryImageOfPage\":{\"@id\":\"https:\/\/trasas.com.vn\/i-o-r-service\/#primaryimage\"},\"image\":{\"@id\":\"https:\/\/trasas.com.vn\/i-o-r-service\/#primaryimage\"},\"thumbnailUrl\":\"https:\/\/trasas.com.vn\/wp-content\/uploads\/2023\/12\/TRASAS-DG-2.jpg\",\"datePublished\":\"2023-12-19T09:49:29+00:00\",\"dateModified\":\"2024-01-25T03:20:46+00:00\",\"breadcrumb\":{\"@id\":\"https:\/\/trasas.com.vn\/i-o-r-service\/#breadcrumb\"},\"inLanguage\":\"vi\",\"potentialAction\":[{\"@type\":\"ReadAction\",\"target\":[\"https:\/\/trasas.com.vn\/i-o-r-service\/\"]}]},{\"@type\":\"ImageObject\",\"inLanguage\":\"vi\",\"@id\":\"https:\/\/trasas.com.vn\/i-o-r-service\/#primaryimage\",\"url\":\"https:\/\/trasas.com.vn\/wp-content\/uploads\/2023\/12\/TRASAS-DG-2.jpg\",\"contentUrl\":\"https:\/\/trasas.com.vn\/wp-content\/uploads\/2023\/12\/TRASAS-DG-2.jpg\",\"width\":1280,\"height\":752},{\"@type\":\"BreadcrumbList\",\"@id\":\"https:\/\/trasas.com.vn\/i-o-r-service\/#breadcrumb\",\"itemListElement\":[{\"@type\":\"ListItem\",\"position\":1,\"name\":\"Home\",\"item\":\"https:\/\/trasas.com.vn\/\"},{\"@type\":\"ListItem\",\"position\":2,\"name\":\"I.O.R Service\"}]},{\"@type\":\"WebSite\",\"@id\":\"https:\/\/trasas.com.vn\/#website\",\"url\":\"https:\/\/trasas.com.vn\/\",\"name\":\"TRA-SAS\",\"description\":\"\",\"potentialAction\":[{\"@type\":\"SearchAction\",\"target\":{\"@type\":\"EntryPoint\",\"urlTemplate\":\"https:\/\/trasas.com.vn\/?s={search_term_string}\"},\"query-input\":{\"@type\":\"PropertyValueSpecification\",\"valueRequired\":true,\"valueName\":\"search_term_string\"}}],\"inLanguage\":\"vi\"}]}<\/script>\n<!-- \/ Yoast SEO plugin. -->","yoast_head_json":{"title":"I.O.R Service - TRA-SAS","robots":{"index":"index","follow":"follow","max-snippet":"max-snippet:-1","max-image-preview":"max-image-preview:large","max-video-preview":"max-video-preview:-1"},"canonical":"https:\/\/trasas.com.vn\/vi\/i-o-r-service\/","og_locale":"vi_VN","og_type":"article","og_title":"I.O.R Service - TRA-SAS","og_description":"With the experience and outstanding strengths of TRA-SAS in the import and export sector for many years, we are confident to be a trusted, transparent, professional and efficient trust service provider for all customers and partners. OUR STRENGTHS: TYPICAL CUSTOMERS:","og_url":"https:\/\/trasas.com.vn\/vi\/i-o-r-service\/","og_site_name":"TRA-SAS","article_modified_time":"2024-01-25T03:20:46+00:00","og_image":[{"width":1280,"height":752,"url":"https:\/\/trasas.com.vn\/wp-content\/uploads\/2023\/12\/TRASAS-DG-2.jpg","type":"image\/jpeg"}],"twitter_card":"summary_large_image","twitter_misc":{"\u01af\u1edbc t\u00ednh th\u1eddi gian \u0111\u1ecdc":"2 ph\u00fat"},"schema":{"@context":"https:\/\/schema.org","@graph":[{"@type":"WebPage","@id":"https:\/\/trasas.com.vn\/i-o-r-service\/","url":"https:\/\/trasas.com.vn\/i-o-r-service\/","name":"I.O.R Service - TRA-SAS","isPartOf":{"@id":"https:\/\/trasas.com.vn\/#website"},"primaryImageOfPage":{"@id":"https:\/\/trasas.com.vn\/i-o-r-service\/#primaryimage"},"image":{"@id":"https:\/\/trasas.com.vn\/i-o-r-service\/#primaryimage"},"thumbnailUrl":"https:\/\/trasas.com.vn\/wp-content\/uploads\/2023\/12\/TRASAS-DG-2.jpg","datePublished":"2023-12-19T09:49:29+00:00","dateModified":"2024-01-25T03:20:46+00:00","breadcrumb":{"@id":"https:\/\/trasas.com.vn\/i-o-r-service\/#breadcrumb"},"inLanguage":"vi","potentialAction":[{"@type":"ReadAction","target":["https:\/\/trasas.com.vn\/i-o-r-service\/"]}]},{"@type":"ImageObject","inLanguage":"vi","@id":"https:\/\/trasas.com.vn\/i-o-r-service\/#primaryimage","url":"https:\/\/trasas.com.vn\/wp-content\/uploads\/2023\/12\/TRASAS-DG-2.jpg","contentUrl":"https:\/\/trasas.com.vn\/wp-content\/uploads\/2023\/12\/TRASAS-DG-2.jpg","width":1280,"height":752},{"@type":"BreadcrumbList","@id":"https:\/\/trasas.com.vn\/i-o-r-service\/#breadcrumb","itemListElement":[{"@type":"ListItem","position":1,"name":"Home","item":"https:\/\/trasas.com.vn\/"},{"@type":"ListItem","position":2,"name":"I.O.R Service"}]},{"@type":"WebSite","@id":"https:\/\/trasas.com.vn\/#website","url":"https:\/\/trasas.com.vn\/","name":"TRA-SAS","description":"","potentialAction":[{"@type":"SearchAction","target":{"@type":"EntryPoint","urlTemplate":"https:\/\/trasas.com.vn\/?s={search_term_string}"},"query-input":{"@type":"PropertyValueSpecification","valueRequired":true,"valueName":"search_term_string"}}],"inLanguage":"vi"}]}},"_links":{"self":[{"href":"https:\/\/trasas.com.vn\/vi\/wp-json\/wp\/v2\/pages\/281","targetHints":{"allow":["GET"]}}],"collection":[{"href":"https:\/\/trasas.com.vn\/vi\/wp-json\/wp\/v2\/pages"}],"about":[{"href":"https:\/\/trasas.com.vn\/vi\/wp-json\/wp\/v2\/types\/page"}],"author":[{"embeddable":true,"href":"https:\/\/trasas.com.vn\/vi\/wp-json\/wp\/v2\/users\/1"}],"replies":[{"embeddable":true,"href":"https:\/\/trasas.com.vn\/vi\/wp-json\/wp\/v2\/comments?post=281"}],"version-history":[{"count":8,"href":"https:\/\/trasas.com.vn\/vi\/wp-json\/wp\/v2\/pages\/281\/revisions"}],"predecessor-version":[{"id":1810,"href":"https:\/\/trasas.com.vn\/vi\/wp-json\/wp\/v2\/pages\/281\/revisions\/1810"}],"wp:featuredmedia":[{"embeddable":true,"href":"https:\/\/trasas.com.vn\/vi\/wp-json\/wp\/v2\/media\/315"}],"wp:attachment":[{"href":"https:\/\/trasas.com.vn\/vi\/wp-json\/wp\/v2\/media?parent=281"}],"curies":[{"name":"wp","href":"https:\/\/api.w.org\/{rel}","templated":true}]}}