{"id":279,"date":"2023-12-19T16:49:10","date_gmt":"2023-12-19T09:49:10","guid":{"rendered":"https:\/\/trasas.com.vn\/?page_id=279"},"modified":"2024-01-31T16:10:48","modified_gmt":"2024-01-31T09:10:48","slug":"trucking-service","status":"publish","type":"page","link":"https:\/\/trasas.com.vn\/vi\/trucking-service\/","title":{"rendered":"D\u1ecbch V\u1ee5 V\u1eadn T\u1ea3i"},"content":{"rendered":"<p>&nbsp;\u2022 V\u1edbi s\u1ed1 l\u01b0\u1ee3ng l\u1edbn xe container v\u00e0 xe t\u1ea3i k\u1ebft h\u1ee3p c\u00f9ng c\u00e1c \u0111\u1ed1i t\u00e1c v\u1eadn t\u1ea3i n\u1ed9i \u0111\u1ecba v\u00e0 \u0111ang c\u00f3 k\u1ebf ho\u1ea1ch m\u1edf r\u1ed9ng c\u00f9ng v\u1edbi c\u00e1c h\u00ecnh th\u1ee9c v\u1eadn t\u1ea3i \u0111\u01b0\u1eddng bi\u1ec3n v\u00e0 \u0111\u01b0\u1eddng s\u1eaft \u0111a d\u1ea1ng, <strong>C\u00f4ng ty C\u1ed5 Ph\u1ea7n V\u1eadn T\u1ea3i V\u00e0 D\u1ecbch V\u1ee5 H\u00e0ng H\u1ea3i - TRA-SAS<\/strong> lu\u00f4n s\u1eb5n s\u00e0ng \u0111\u00e1p \u1ee9ng m\u1ecdi nhu c\u1ea7u v\u1eadn chuy\u1ec3n h\u00e0ng h\u00f3a c\u1ee7a kh\u00e1ch h\u00e0ng \u0111\u1ebfn b\u1ea5t c\u1ee9 \u0111\u1ecba \u0111i\u1ec3m n\u00e0o t\u1ea1i Vi\u1ec7t Nam, c\u0169ng nh\u01b0 v\u1eadn chuy\u1ec3n h\u00e0ng h\u00f3a gi\u1eefa Vi\u1ec7t Nam v\u1edbi c\u00e1c n\u01b0\u1edbc bi\u00ean gi\u1edbi v\u1edbi m\u1ee5c ti\u00eau an to\u00e0n, ti\u1ebft ki\u1ec7m v\u00e0 k\u1ecbp th\u1eddi.<\/p>\n\n\n\n<p><strong>\u0110\u1eb7c \u0111i\u1ec3m n\u1ed5i b\u1eadt<\/strong>:<\/p>\n\n\n\n<p>&#8211; <strong>\u0110\u1ed9i xe container:<\/strong><\/p>\n\n\n\n<p>Trang b\u1ecb \u0111\u1ea7y \u0111\u1ee7 \u0111a d\u1ea1ng c\u00e1c lo\u1ea1i ph\u01b0\u01a1ng ti\u1ec7n v\u1eadn chuy\u1ec3n bao g\u1ed3m:<\/p>\n\n\n\n<ul class=\"wp-block-list\">\n<li> \u0110\u1ea7u k\u00e9o container<\/li>\n\n\n\n<li> Mooc xe container<\/li>\n\n\n\n<li>Container c\u00f3 thi\u1ebft k\u1ebf \u0111\u1eb7c bi\u1ec7t<\/li>\n\n\n\n<li>M\u00e1y ph\u00e1t \u0111i\u1ec7n cho h\u00e0ng y\u00eau c\u1ea7u ki\u1ec3m so\u00e1t nhi\u1ec7t \u0111\u1ed9<\/li>\n<\/ul>\n\n\n\n<p>&#8211; <strong>\u0110\u1ed9i xe t\u1ea3i:<\/strong><\/p>\n\n\n\n<p>Trang b\u1ecb \u0111\u1ea7y \u0111\u1ee7 \u0111a d\u1ea1ng c\u00e1c lo\u1ea1i xe t\u1ea3i tr\u00ean th\u1ecb tr\u01b0\u1eddng bao g\u1ed3m:<\/p>\n\n\n\n<ul class=\"wp-block-list\">\n<li>Xe t\u1ea3i nh\u1ecf<\/li>\n\n\n\n<li>Xe t\u1ea3i van<\/li>\n\n\n\n<li>Xe t\u1ea3i nh\u1eb9<\/li>\n<\/ul>\n\n\n\n<p>* <em>100% ph\u01b0\u01a1ng ti\u1ec7n v\u1eadn t\u1ea3i \u0111\u01b0\u1ee3c trang b\u1ecb thi\u1ebft b\u1ecb theo d\u00f5i GPS v\u00e0 qu\u1ea3n l\u00fd tr\u1ef1c tuy\u1ebfn b\u1eb1ng TMS (H\u1ec7 th\u1ed1ng qu\u1ea3n l\u00fd v\u1eadn t\u1ea3i) cho ph\u00e9p kh\u00e1ch h\u00e0ng \u0111\u0103ng nh\u1eadp gi\u00e1m s\u00e1t v\u00e0 theo d\u00f5i h\u00e0nh tr\u00ecnh h\u00e0ng h\u00f3a.<\/em><\/p>\n\n\n\n<p>* <em>Tr\u00ean 50% ph\u01b0\u01a1ng ti\u1ec7n v\u1eadn t\u1ea3i \u0111\u01b0\u1ee3c s\u1ea3n xu\u1ea5t trong 5 n\u0103m g\u1ea7n \u0111\u00e2y v\u1edbi c\u00f4ng ngh\u1ec7 m\u1edbi trong ng\u00e0nh c\u00f4ng nghi\u1ec7p. \u0110\u1ed9ng c\u01a1 hi\u1ec7n \u0111\u1ea1i, t\u0103ng hi\u1ec7u su\u1ea5t nhi\u00ean li\u1ec7u v\u00e0 gi\u1ea3m l\u01b0\u1ee3ng kh\u00ed th\u1ea3i, \u0111\u00e1p \u1ee9ng c\u00e1c ti\u00eau ch\u00ed trong ng\u00e0nh \u201clogistics xanh\u201d<\/em><\/p>\n\n\n\n<p>* <em>Gi\u1ea5y ph\u00e9p v\u1eadn chuy\u1ec3n ch\u1ea5t\/h\u00e0ng nguy hi\u1ec3m ch\u00e1y, n\u1ed5 d\u00e0nh cho \u0111\u1ed9i xe t\u1ea3i<\/em><\/p>\n\n\n\n<p>* <em>Gi\u1ea5y ch\u1ee9ng nh\u1eadn t\u1eadp hu\u1ea5n v\u1eadn chuy\u1ec3n h\u00e0ng nguy hi\u1ec3m c\u1ee7a S\u1edf C\u00f4ng Th\u01b0\u01a1ng Th\u00e0nh ph\u1ed1 H\u1ed3 Ch\u00ed Minh cho \u0111\u1ed9i ng\u0169 t\u00e0i x\u1ebf<\/em><\/p>\n\n\n\n<figure class=\"wp-block-gallery has-nested-images columns-default is-cropped wp-block-gallery-1 is-layout-flex wp-block-gallery-is-layout-flex\">\n<figure class=\"wp-block-image size-large\"><img loading=\"lazy\" decoding=\"async\" width=\"1280\" height=\"576\" data-id=\"328\" src=\"https:\/\/trasas.com.vn\/wp-content\/uploads\/2023\/12\/z2421236204664_f8f997e86f03c4188820015e8870e848.jpg\" alt=\"\" class=\"wp-image-328\" srcset=\"https:\/\/trasas.com.vn\/wp-content\/uploads\/2023\/12\/z2421236204664_f8f997e86f03c4188820015e8870e848.jpg 1280w, https:\/\/trasas.com.vn\/wp-content\/uploads\/2023\/12\/z2421236204664_f8f997e86f03c4188820015e8870e848-768x346.jpg 768w\" sizes=\"auto, (max-width: 1280px) 100vw, 1280px\" \/><\/figure>\n\n\n\n<figure class=\"wp-block-image size-large\"><img loading=\"lazy\" decoding=\"async\" width=\"1280\" height=\"576\" data-id=\"327\" src=\"https:\/\/trasas.com.vn\/wp-content\/uploads\/2023\/12\/z2421236195066_9e6d0b1a3cddc4457572adf73cf52863.jpg\" alt=\"\" class=\"wp-image-327\" srcset=\"https:\/\/trasas.com.vn\/wp-content\/uploads\/2023\/12\/z2421236195066_9e6d0b1a3cddc4457572adf73cf52863.jpg 1280w, https:\/\/trasas.com.vn\/wp-content\/uploads\/2023\/12\/z2421236195066_9e6d0b1a3cddc4457572adf73cf52863-768x346.jpg 768w\" sizes=\"auto, (max-width: 1280px) 100vw, 1280px\" \/><\/figure>\n<\/figure>\n\n\n\n<figure class=\"wp-block-gallery has-nested-images columns-default is-cropped wp-block-gallery-2 is-layout-flex wp-block-gallery-is-layout-flex\">\n<figure class=\"wp-block-image size-large\"><img loading=\"lazy\" decoding=\"async\" width=\"1203\" height=\"629\" data-id=\"326\" src=\"https:\/\/trasas.com.vn\/wp-content\/uploads\/2023\/12\/xe-cont-2.jpg\" alt=\"\" class=\"wp-image-326\" srcset=\"https:\/\/trasas.com.vn\/wp-content\/uploads\/2023\/12\/xe-cont-2.jpg 1203w, https:\/\/trasas.com.vn\/wp-content\/uploads\/2023\/12\/xe-cont-2-768x402.jpg 768w\" sizes=\"auto, (max-width: 1203px) 100vw, 1203px\" \/><\/figure>\n\n\n\n<figure class=\"wp-block-image size-large\"><img loading=\"lazy\" decoding=\"async\" width=\"1280\" height=\"720\" data-id=\"325\" src=\"https:\/\/trasas.com.vn\/wp-content\/uploads\/2023\/12\/xa-tai-nho-2.jpg\" alt=\"\" class=\"wp-image-325\" srcset=\"https:\/\/trasas.com.vn\/wp-content\/uploads\/2023\/12\/xa-tai-nho-2.jpg 1280w, https:\/\/trasas.com.vn\/wp-content\/uploads\/2023\/12\/xa-tai-nho-2-768x432.jpg 768w\" sizes=\"auto, (max-width: 1280px) 100vw, 1280px\" \/><\/figure>\n<\/figure>","protected":false},"excerpt":{"rendered":"<p>&nbsp;\u2022 With a large number of container trucks and freight vehicles in collaboration with domestic transport partners and plans for expansion in various modes including sea and rail transport, TRA-SAS is always ready to meet all the needs of customers to transport goods to any location in Vietnam, as well as transporting goods between Vietnam [&hellip;]<\/p>","protected":false},"author":1,"featured_media":445,"parent":0,"menu_order":0,"comment_status":"closed","ping_status":"closed","template":"template-parts\/services-pages.php","meta":{"footnotes":""},"class_list":["post-279","page","type-page","status-publish","has-post-thumbnail","hentry"],"acf":[],"yoast_head":"<!-- This site is optimized with the Yoast SEO plugin v25.8 - https:\/\/yoast.com\/wordpress\/plugins\/seo\/ -->\n<title>Trucking Service - TRA-SAS<\/title>\n<meta name=\"robots\" content=\"index, follow, max-snippet:-1, max-image-preview:large, max-video-preview:-1\" \/>\n<link rel=\"canonical\" href=\"https:\/\/trasas.com.vn\/vi\/trucking-service\/\" \/>\n<meta property=\"og:locale\" content=\"vi_VN\" \/>\n<meta property=\"og:type\" content=\"article\" \/>\n<meta property=\"og:title\" content=\"Trucking Service - TRA-SAS\" \/>\n<meta property=\"og:description\" content=\"&nbsp;\u2022 With a large number of container trucks and freight vehicles in collaboration with domestic transport partners and plans for expansion in various modes including sea and rail transport, TRA-SAS is always ready to meet all the needs of customers to transport goods to any location in Vietnam, as well as transporting goods between Vietnam [&hellip;]\" \/>\n<meta property=\"og:url\" content=\"https:\/\/trasas.com.vn\/vi\/trucking-service\/\" \/>\n<meta property=\"og:site_name\" content=\"TRA-SAS\" \/>\n<meta property=\"article:modified_time\" content=\"2024-01-31T09:10:48+00:00\" \/>\n<meta property=\"og:image\" content=\"https:\/\/trasas.com.vn\/wp-content\/uploads\/2024\/01\/banner-international-forwarding.jpg\" \/>\n\t<meta property=\"og:image:width\" content=\"2000\" \/>\n\t<meta property=\"og:image:height\" content=\"935\" \/>\n\t<meta property=\"og:image:type\" content=\"image\/jpeg\" \/>\n<meta name=\"twitter:card\" content=\"summary_large_image\" \/>\n<meta name=\"twitter:label1\" content=\"\u01af\u1edbc t\u00ednh th\u1eddi gian \u0111\u1ecdc\" \/>\n\t<meta name=\"twitter:data1\" content=\"2 ph\u00fat\" \/>\n<script type=\"application\/ld+json\" class=\"yoast-schema-graph\">{\"@context\":\"https:\/\/schema.org\",\"@graph\":[{\"@type\":\"WebPage\",\"@id\":\"https:\/\/trasas.com.vn\/trucking-service\/\",\"url\":\"https:\/\/trasas.com.vn\/trucking-service\/\",\"name\":\"Trucking Service - TRA-SAS\",\"isPartOf\":{\"@id\":\"https:\/\/trasas.com.vn\/#website\"},\"primaryImageOfPage\":{\"@id\":\"https:\/\/trasas.com.vn\/trucking-service\/#primaryimage\"},\"image\":{\"@id\":\"https:\/\/trasas.com.vn\/trucking-service\/#primaryimage\"},\"thumbnailUrl\":\"https:\/\/trasas.com.vn\/wp-content\/uploads\/2024\/01\/banner-international-forwarding.jpg\",\"datePublished\":\"2023-12-19T09:49:10+00:00\",\"dateModified\":\"2024-01-31T09:10:48+00:00\",\"breadcrumb\":{\"@id\":\"https:\/\/trasas.com.vn\/trucking-service\/#breadcrumb\"},\"inLanguage\":\"vi\",\"potentialAction\":[{\"@type\":\"ReadAction\",\"target\":[\"https:\/\/trasas.com.vn\/trucking-service\/\"]}]},{\"@type\":\"ImageObject\",\"inLanguage\":\"vi\",\"@id\":\"https:\/\/trasas.com.vn\/trucking-service\/#primaryimage\",\"url\":\"https:\/\/trasas.com.vn\/wp-content\/uploads\/2024\/01\/banner-international-forwarding.jpg\",\"contentUrl\":\"https:\/\/trasas.com.vn\/wp-content\/uploads\/2024\/01\/banner-international-forwarding.jpg\",\"width\":2000,\"height\":935},{\"@type\":\"BreadcrumbList\",\"@id\":\"https:\/\/trasas.com.vn\/trucking-service\/#breadcrumb\",\"itemListElement\":[{\"@type\":\"ListItem\",\"position\":1,\"name\":\"Home\",\"item\":\"https:\/\/trasas.com.vn\/\"},{\"@type\":\"ListItem\",\"position\":2,\"name\":\"Trucking Service\"}]},{\"@type\":\"WebSite\",\"@id\":\"https:\/\/trasas.com.vn\/#website\",\"url\":\"https:\/\/trasas.com.vn\/\",\"name\":\"TRA-SAS\",\"description\":\"\",\"potentialAction\":[{\"@type\":\"SearchAction\",\"target\":{\"@type\":\"EntryPoint\",\"urlTemplate\":\"https:\/\/trasas.com.vn\/?s={search_term_string}\"},\"query-input\":{\"@type\":\"PropertyValueSpecification\",\"valueRequired\":true,\"valueName\":\"search_term_string\"}}],\"inLanguage\":\"vi\"}]}<\/script>\n<!-- \/ Yoast SEO plugin. -->","yoast_head_json":{"title":"Trucking Service - TRA-SAS","robots":{"index":"index","follow":"follow","max-snippet":"max-snippet:-1","max-image-preview":"max-image-preview:large","max-video-preview":"max-video-preview:-1"},"canonical":"https:\/\/trasas.com.vn\/vi\/trucking-service\/","og_locale":"vi_VN","og_type":"article","og_title":"Trucking Service - TRA-SAS","og_description":"&nbsp;\u2022 With a large number of container trucks and freight vehicles in collaboration with domestic transport partners and plans for expansion in various modes including sea and rail transport, TRA-SAS is always ready to meet all the needs of customers to transport goods to any location in Vietnam, as well as transporting goods between Vietnam [&hellip;]","og_url":"https:\/\/trasas.com.vn\/vi\/trucking-service\/","og_site_name":"TRA-SAS","article_modified_time":"2024-01-31T09:10:48+00:00","og_image":[{"width":2000,"height":935,"url":"https:\/\/trasas.com.vn\/wp-content\/uploads\/2024\/01\/banner-international-forwarding.jpg","type":"image\/jpeg"}],"twitter_card":"summary_large_image","twitter_misc":{"\u01af\u1edbc t\u00ednh th\u1eddi gian \u0111\u1ecdc":"2 ph\u00fat"},"schema":{"@context":"https:\/\/schema.org","@graph":[{"@type":"WebPage","@id":"https:\/\/trasas.com.vn\/trucking-service\/","url":"https:\/\/trasas.com.vn\/trucking-service\/","name":"Trucking Service - TRA-SAS","isPartOf":{"@id":"https:\/\/trasas.com.vn\/#website"},"primaryImageOfPage":{"@id":"https:\/\/trasas.com.vn\/trucking-service\/#primaryimage"},"image":{"@id":"https:\/\/trasas.com.vn\/trucking-service\/#primaryimage"},"thumbnailUrl":"https:\/\/trasas.com.vn\/wp-content\/uploads\/2024\/01\/banner-international-forwarding.jpg","datePublished":"2023-12-19T09:49:10+00:00","dateModified":"2024-01-31T09:10:48+00:00","breadcrumb":{"@id":"https:\/\/trasas.com.vn\/trucking-service\/#breadcrumb"},"inLanguage":"vi","potentialAction":[{"@type":"ReadAction","target":["https:\/\/trasas.com.vn\/trucking-service\/"]}]},{"@type":"ImageObject","inLanguage":"vi","@id":"https:\/\/trasas.com.vn\/trucking-service\/#primaryimage","url":"https:\/\/trasas.com.vn\/wp-content\/uploads\/2024\/01\/banner-international-forwarding.jpg","contentUrl":"https:\/\/trasas.com.vn\/wp-content\/uploads\/2024\/01\/banner-international-forwarding.jpg","width":2000,"height":935},{"@type":"BreadcrumbList","@id":"https:\/\/trasas.com.vn\/trucking-service\/#breadcrumb","itemListElement":[{"@type":"ListItem","position":1,"name":"Home","item":"https:\/\/trasas.com.vn\/"},{"@type":"ListItem","position":2,"name":"Trucking Service"}]},{"@type":"WebSite","@id":"https:\/\/trasas.com.vn\/#website","url":"https:\/\/trasas.com.vn\/","name":"TRA-SAS","description":"","potentialAction":[{"@type":"SearchAction","target":{"@type":"EntryPoint","urlTemplate":"https:\/\/trasas.com.vn\/?s={search_term_string}"},"query-input":{"@type":"PropertyValueSpecification","valueRequired":true,"valueName":"search_term_string"}}],"inLanguage":"vi"}]}},"_links":{"self":[{"href":"https:\/\/trasas.com.vn\/vi\/wp-json\/wp\/v2\/pages\/279","targetHints":{"allow":["GET"]}}],"collection":[{"href":"https:\/\/trasas.com.vn\/vi\/wp-json\/wp\/v2\/pages"}],"about":[{"href":"https:\/\/trasas.com.vn\/vi\/wp-json\/wp\/v2\/types\/page"}],"author":[{"embeddable":true,"href":"https:\/\/trasas.com.vn\/vi\/wp-json\/wp\/v2\/users\/1"}],"replies":[{"embeddable":true,"href":"https:\/\/trasas.com.vn\/vi\/wp-json\/wp\/v2\/comments?post=279"}],"version-history":[{"count":13,"href":"https:\/\/trasas.com.vn\/vi\/wp-json\/wp\/v2\/pages\/279\/revisions"}],"predecessor-version":[{"id":2048,"href":"https:\/\/trasas.com.vn\/vi\/wp-json\/wp\/v2\/pages\/279\/revisions\/2048"}],"wp:featuredmedia":[{"embeddable":true,"href":"https:\/\/trasas.com.vn\/vi\/wp-json\/wp\/v2\/media\/445"}],"wp:attachment":[{"href":"https:\/\/trasas.com.vn\/vi\/wp-json\/wp\/v2\/media?parent=279"}],"curies":[{"name":"wp","href":"https:\/\/api.w.org\/{rel}","templated":true}]}}