{"id":277,"date":"2023-12-19T16:48:50","date_gmt":"2023-12-19T09:48:50","guid":{"rendered":"https:\/\/trasas.com.vn\/?page_id=277"},"modified":"2024-01-30T10:51:56","modified_gmt":"2024-01-30T03:51:56","slug":"chemical-dangerous-goods-warehouse","status":"publish","type":"page","link":"https:\/\/trasas.com.vn\/vi\/chemical-dangerous-goods-warehouse\/","title":{"rendered":"Kho H\u00f3a Ch\u1ea5t V\u00e0 H\u00e0ng Nguy Hi\u1ec3m"},"content":{"rendered":"<p>\u2022 Trong n\u1ec1n kinh t\u1ebf th\u1ecb tr\u01b0\u1eddng hi\u1ec7n nay, \u0111\u1eb7c bi\u1ec7t trong ng\u00e0nh S\u1ea3n xu\u1ea5t c\u00f4ng nghi\u1ec7p, H\u00f3a ch\u1ea5t th\u1ef1c s\u1ef1 \u0111ang \u0111\u00f3ng vai tr\u00f2 quan tr\u1ecdng v\u00e0 hi\u1ec7n di\u1ec7n trong h\u1ea7u h\u1ebft c\u00e1c c\u01a1 s\u1edf s\u1ea3n xu\u1ea5t. Song vi\u1ec7c qua\u0309n ly\u0301, v\u1eadn chuy\u1ec3n v\u00e0 l\u01b0u tr\u1eef Ho\u0301a ch\u00e2\u0301t th\u00ea\u0301 na\u0300o cho hi\u00ea\u0323u qua\u0309 v\u00e2\u0303n la\u0300 tha\u0301ch th\u01b0\u0301c l\u01a1\u0301n \u0111\u00f4\u0301i v\u01a1\u0301i ca\u0301c doanh nghi\u00ea\u0323p, v\u00ec s\u1ed1 l\u01b0\u1ee3ng Kho H\u00e0ng H\u00f3a ch\u1ea5t v\u00e0 Nguy hi\u1ec3m \u0111\u01b0\u1ee3c c\u1ea5p ph\u00e9p theo \u0111\u00fang quy \u0111\u1ecbnh Nh\u00e0 n\u01b0\u1edbc Vi\u1ec7t Nam ch\u1ec9 chi\u1ebfm t\u1ec9 l\u1ec7 r\u1ea5t nh\u1ecf trong T\u1ed5ng s\u1ed1 C\u01a1 s\u1edf kinh doanh Kho V\u1eadn hi\u1ec7n nay.<\/p>\n\n\n\n<p class=\" translation-block\">\u2022 N\u1eafm b\u1eaft \u0111\u01b0\u1ee3c xu h\u01b0\u1edbng t\u1ea5t y\u1ebfu trong ng\u00e0nh Cung \u1ee9ng, <strong>TRA-SAS<\/strong> b\u1eb1ng m\u1ecdi n\u1ed7 l\u1ef1c c\u1ee7a m\u00ecnh \u0111\u00e3 x\u00e2y d\u1ef1ng, ho\u00e0n thi\u1ec7n Kho H\u00f3a Ch\u1ea5t v\u00e0 H\u00e0ng Nguy Hi\u1ec3m t\u1ea1i C\u1ee5m Khu C\u00f4ng Nghi\u1ec7p Ph\u00fa Th\u1ea1nh-V\u0129nh Thanh, Huy\u1ec7n Nh\u01a1n Tr\u1ea1ch, T\u1ec9nh \u0110\u1ed3ng Nai, v\u1edbi t\u1ed5ng di\u1ec7n t\u00edch x\u00e2y d\u1ef1ng h\u01a1n 16,000 m2.<\/p>\n\n\n\n<p class=\" translation-block\">\u2022 V\u1edbi v\u1ecb tr\u00ed chi\u1ebfn l\u01b0\u1ee3c tr\u00ean, D\u1ef1 \u00e1n Kho H\u00f3a Ch\u1ea5t V\u00e0 H\u00e0ng Nguy Hi\u1ec3m \u0111\u01b0\u1ee3c TRA-SAS t\u1eadp trung \u0111\u1ea7u t\u01b0 x\u00e2y d\u1ef1ng v\u1edbi quy m\u00f4 ho\u00e0nh tr\u00e1ng, hi\u1ec7n \u0111\u1ea1i v\u00e0 \u0111\u1ea1t c\u00e1c ti\u00eau chu\u1ea9n c\u00f4ng nghi\u1ec7p cao nh\u1ea5t v\u1ec1 an to\u00e0n ch\u00e1y n\u1ed5 v\u00e0 ch\u00ednh th\u1ee9c ho\u1ea1t \u0111\u1ed9ng v\u00e0o th\u00e1ng 04 n\u0103m 2021.<\/p>\n\n\n\n<p>\u2022 Kho H\u00f3a Ch\u1ea5t V\u00e0 H\u00e0ng Nguy Hi\u1ec3m c\u1ee7a C\u00f4ng Ty ch\u00fang t\u00f4i \u0111\u01b0\u1ee3c duy\u1ec7t B\u00e1o c\u00e1o \u0111\u00e1nh gi\u00e1 t\u00e1c \u0111\u1ed9ng m\u00f4i tr\u01b0\u1eddng (DTM) n\u0103m 2020 v\u00e0 \u0111\u1ea1t ch\u1ee9ng nh\u1eadn ISO 9001:2015 n\u0103m 2023.<\/p>\n\n\n\n<p><strong>\u0110\u1eb7c \u0111i\u1ec3m n\u1ed5i b\u1eadt:<\/strong><\/p>\n\n\n\n<p>\u2013 <strong>V\u1ec1 v\u1ecb tr\u00ed<\/strong>:<\/p>\n\n\n\n<p>-\t50 ph\u00fat t\u1eeb C\u1ea3ng C\u00e1t L\u00e1i \u0111\u1ebfn Kho H\u00f3a Ch\u1ea5t v\u00e0 H\u00e0ng Nguy Hi\u1ec3m TRA-SAS<\/p>\n\n\n\n<p>-\t70 ph\u00fat t\u1edbi v\u00f2ng xoay M\u1ef9 Th\u1ee7y Qu\u1eadn 2, qua \u0110\u01b0\u1eddng cao t\u1ed1c s\u1ed1 01 (Cao t\u1ed1c TP.HCM - Long Th\u00e0nh - D\u1ea7u Gi\u00e2y) &amp; Qu\u1ed1c L\u1ed9 51<\/p>\n\n\n\n<p>-\t90 ph\u00fat t\u1eeb Kho H\u00f3a Ch\u1ea5t v\u00e0 H\u00e0ng Nguy Hi\u1ec3m TRA-SAS \u0111\u1ebfn Khu c\u00f4ng nghi\u1ec7p VSIP1 (B\u00ecnh D\u01b0\u01a1ng), qua \u0111\u01b0\u1eddng cao t\u1ed1c Long Th\u00e0nh - D\u1ea7u Gi\u00e2y ho\u1eb7c Qu\u1ed1c L\u1ed9 51<\/p>\n\n\n\n<p>-\t70 ph\u00fat t\u1eeb kho Kho H\u00f3a Ch\u1ea5t v\u00e0 H\u00e0ng Nguy Hi\u1ec3m TRA-SAS \u0111\u1ebfn C\u1ea3ng Qu\u1ed1c t\u1ebf C\u00e1i M\u00e9p. qua Qu\u1ed1c L\u1ed9 51<\/p>\n\n\n\n<p><em>Vi\u1ec7c thu\u1eadn l\u1ee3i di chuy\u1ec3n t\u1edbi c\u00e1c Khu v\u1ef1c C\u1ea3ng, Khu C\u00f4ng Nghi\u1ec7p g\u00f3p ph\u1ea7n quan tr\u1ecdng trong vi\u1ec7c ti\u1ebfp c\u1eadn m\u1ed9t m\u1ea1ng l\u01b0\u1edbi v\u1eadn t\u1ea3i r\u1ed9ng l\u1edbn, bao qu\u00e1t, \u0111\u00e1p \u1ee9ng nhu c\u1ea7u trung chuy\u1ec3n v\u00e0 ph\u00e2n ph\u1ed1i h\u00e0ng h\u00f3a c\u1ee7a kh\u00e1ch h\u00e0ng.<\/em><\/p>\n\n\n\n<p>\u2013 <strong>V\u1ec1 quy m\u00f4, c\u00f4ng su\u1ea5t<\/strong>:<\/p>\n\n\n\n<p>- T\u1ed5ng Di\u1ec7n t\u00edch x\u00e2y d\u1ef1ng: 16,818 m2<\/p>\n\n\n\n<p>-\tDi\u1ec7n t\u00edch kho ch\u1ee9a: 9,000 m2<\/p>\n\n\n\n<p>- S\u1ee9c ch\u1ee9a: 12,000 t\u1ea5n<\/p>\n\n\n\n<p>-\tNh\u00f3m h\u00e0ng h\u00f3a: Nh\u00f3m c\u00e1c ch\u1ea5t kh\u00ed, nh\u00f3m h\u00e0ng l\u1ecfng d\u1ec5 ch\u00e1y, nh\u00f3m h\u00e0ng ch\u1ea5t r\u1eafn d\u1ec5 ch\u00e1y, nh\u00f3m h\u00e0ng oxi h\u00f3a, nh\u00f3m thu\u1ed1c b\u1ea3o v\u1ec7 th\u1ef1c v\u1eadt, nh\u00f3m h\u00e0ng ch\u1ea5t \u0103n m\u00f2n v\u00e0 c\u00e1c h\u00e0ng h\u00f3a kh\u00e1c nh\u01b0 \u0111\u1ed9ng c\u01a1 xe m\u00e1y, dung d\u1ecbch l\u00e0m s\u00e1ng b\u1ec1 m\u1eb7t sau m\u1ea1 \u0111\u1ed3ng, ch\u1ebf ph\u1ea9m d\u00f9ng trong xi m\u1ea1, c\u00f4ng nghi\u1ec7p \u0111i\u1ec7n t\u1eed v\u00e0 bao b\u00ec gi\u1ea5y, bao b\u00ec nh\u1ef1a\u2026<\/p>\n\n\n\n<p>C\u00e1c nh\u00f3m h\u00e0ng h\u00f3a \u0111\u01b0\u1ee3c ph\u00e2n lo\u1ea1i theo khu v\u1ef1c L\u01b0u tr\u1eef ri\u00eang bi\u1ec7t kh\u00e1c nhau v\u1edbi c\u00e1ch b\u1ea3o qu\u1ea3n t\u01b0\u01a1ng \u1ee9ng, \u0111\u00e1p \u1ee9ng ti\u00eau chu\u1ea9n kh\u1eaft khe c\u1ee7a t\u1eebng ph\u00e2n nh\u00f3m h\u00e0ng quy \u0111\u1ecbnh.<\/p>\n\n\n\n<p>- Kho \u0111\u01b0\u1ee3c \u0111\u1ea7u t\u01b0 trang b\u1ecb \u0111\u1ea7y \u0111\u1ee7 c\u00e1c h\u1ec7 th\u1ed1ng camera gi\u00e1m s\u00e1t an ninh, b\u00e1o ch\u00e1y t\u1ef1 \u0111\u1ed9ng, h\u1ec7 th\u1ed1ng phun n\u01b0\u1edbc v\u00e0 phun b\u1ecdt t\u1ef1 \u0111\u1ed9ng \u0111\u1ea3m b\u1ea3o an to\u00e0n h\u00e0ng h\u00f3a v\u00e0 ph\u00f2ng ch\u1ed1ng ch\u00e1y n\u1ed5. Ngo\u00e0i ra, kho c\u0169ng trang b\u1ecb c\u00e1c thi\u1ebft b\u1ecb ph\u00f9 h\u1ee3p \u0111\u1ec3 \u0111\u1ea3m b\u1ea3o c\u00e1c \u0111i\u1ec1u ki\u1ec7n b\u1ea3o qu\u1ea3n h\u00e0ng h\u00f3a (v\u00ed d\u1ee5: qu\u1ea1t th\u00f4ng gi\u00f3, \u0111i\u1ec1u h\u00f2a kh\u00f4ng kh\u00ed, nhi\u1ec7t k\u1ebf, \u1ea9m k\u1ebf, t\u1ee7 l\u1ea1nh\u2026). C\u00e1c thi\u1ebft b\u1ecb lu\u00f4n \u0111\u01b0\u1ee3c ki\u1ec3m tra, b\u1ea3o tr\u00ec, b\u1ea3o d\u01b0\u1ee1ng \u0111\u1ecbnh k\u1ef3 \u0111\u1ec3 \u0111\u1ea3m b\u1ea3o ho\u1ea1t \u0111\u1ed9ng \u1ed5n \u0111\u1ecbnh, ch\u00ednh x\u00e1c.<\/p>\n\n\n\n<p>\u2013 <strong>Kh\u00e1ch h\u00e0ng ti\u00eau bi\u1ec3u:<\/strong><\/p>\n\n\n\n<figure class=\"wp-block-image size-full\"><img loading=\"lazy\" decoding=\"async\" width=\"975\" height=\"363\" src=\"https:\/\/trasas.com.vn\/wp-content\/uploads\/2024\/01\/image-3.png\" alt=\"\" class=\"wp-image-537\" srcset=\"https:\/\/trasas.com.vn\/wp-content\/uploads\/2024\/01\/image-3.png 975w, https:\/\/trasas.com.vn\/wp-content\/uploads\/2024\/01\/image-3-768x286.png 768w, https:\/\/trasas.com.vn\/wp-content\/uploads\/2024\/01\/image-3-18x7.png 18w\" sizes=\"auto, (max-width: 975px) 100vw, 975px\" \/><\/figure>","protected":false},"excerpt":{"rendered":"<p>\u2022 In the current market economy, especially in the industrial production sector, Chemicals are actually playing an important role and present in almost all production facilities. However, how to manage, transport and store Chemicals effectively is still a big challenge for all enterprises, because the number of Chemical and Dangerous Goods Warehouses which are licensed [&hellip;]<\/p>","protected":false},"author":1,"featured_media":2028,"parent":0,"menu_order":0,"comment_status":"closed","ping_status":"closed","template":"template-parts\/services-pages.php","meta":{"footnotes":""},"class_list":["post-277","page","type-page","status-publish","has-post-thumbnail","hentry"],"acf":[],"yoast_head":"<!-- This site is optimized with the Yoast SEO plugin v25.8 - https:\/\/yoast.com\/wordpress\/plugins\/seo\/ -->\n<title>Chemical &amp; Dangerous Goods Warehouse - TRA-SAS<\/title>\n<meta name=\"robots\" content=\"index, follow, max-snippet:-1, max-image-preview:large, max-video-preview:-1\" \/>\n<link rel=\"canonical\" href=\"https:\/\/trasas.com.vn\/vi\/chemical-dangerous-goods-warehouse\/\" \/>\n<meta property=\"og:locale\" content=\"vi_VN\" \/>\n<meta property=\"og:type\" content=\"article\" \/>\n<meta property=\"og:title\" content=\"Chemical &amp; Dangerous Goods Warehouse - TRA-SAS\" \/>\n<meta property=\"og:description\" content=\"\u2022 In the current market economy, especially in the industrial production sector, Chemicals are actually playing an important role and present in almost all production facilities. However, how to manage, transport and store Chemicals effectively is still a big challenge for all enterprises, because the number of Chemical and Dangerous Goods Warehouses which are licensed [&hellip;]\" \/>\n<meta property=\"og:url\" content=\"https:\/\/trasas.com.vn\/vi\/chemical-dangerous-goods-warehouse\/\" \/>\n<meta property=\"og:site_name\" content=\"TRA-SAS\" \/>\n<meta property=\"article:modified_time\" content=\"2024-01-30T03:51:56+00:00\" \/>\n<meta property=\"og:image\" content=\"https:\/\/trasas.com.vn\/wp-content\/uploads\/2024\/01\/Hinh-Kho-DG--scaled.jpg\" \/>\n\t<meta property=\"og:image:width\" content=\"2560\" \/>\n\t<meta property=\"og:image:height\" content=\"1040\" \/>\n\t<meta property=\"og:image:type\" content=\"image\/jpeg\" \/>\n<meta name=\"twitter:card\" content=\"summary_large_image\" \/>\n<meta name=\"twitter:label1\" content=\"\u01af\u1edbc t\u00ednh th\u1eddi gian \u0111\u1ecdc\" \/>\n\t<meta name=\"twitter:data1\" content=\"3 ph\u00fat\" \/>\n<script type=\"application\/ld+json\" class=\"yoast-schema-graph\">{\"@context\":\"https:\/\/schema.org\",\"@graph\":[{\"@type\":\"WebPage\",\"@id\":\"https:\/\/trasas.com.vn\/chemical-dangerous-goods-warehouse\/\",\"url\":\"https:\/\/trasas.com.vn\/chemical-dangerous-goods-warehouse\/\",\"name\":\"Chemical &amp; Dangerous Goods Warehouse - TRA-SAS\",\"isPartOf\":{\"@id\":\"https:\/\/trasas.com.vn\/#website\"},\"primaryImageOfPage\":{\"@id\":\"https:\/\/trasas.com.vn\/chemical-dangerous-goods-warehouse\/#primaryimage\"},\"image\":{\"@id\":\"https:\/\/trasas.com.vn\/chemical-dangerous-goods-warehouse\/#primaryimage\"},\"thumbnailUrl\":\"https:\/\/trasas.com.vn\/wp-content\/uploads\/2024\/01\/Hinh-Kho-DG--scaled.jpg\",\"datePublished\":\"2023-12-19T09:48:50+00:00\",\"dateModified\":\"2024-01-30T03:51:56+00:00\",\"breadcrumb\":{\"@id\":\"https:\/\/trasas.com.vn\/chemical-dangerous-goods-warehouse\/#breadcrumb\"},\"inLanguage\":\"vi\",\"potentialAction\":[{\"@type\":\"ReadAction\",\"target\":[\"https:\/\/trasas.com.vn\/chemical-dangerous-goods-warehouse\/\"]}]},{\"@type\":\"ImageObject\",\"inLanguage\":\"vi\",\"@id\":\"https:\/\/trasas.com.vn\/chemical-dangerous-goods-warehouse\/#primaryimage\",\"url\":\"https:\/\/trasas.com.vn\/wp-content\/uploads\/2024\/01\/Hinh-Kho-DG--scaled.jpg\",\"contentUrl\":\"https:\/\/trasas.com.vn\/wp-content\/uploads\/2024\/01\/Hinh-Kho-DG--scaled.jpg\",\"width\":2560,\"height\":1040},{\"@type\":\"BreadcrumbList\",\"@id\":\"https:\/\/trasas.com.vn\/chemical-dangerous-goods-warehouse\/#breadcrumb\",\"itemListElement\":[{\"@type\":\"ListItem\",\"position\":1,\"name\":\"Home\",\"item\":\"https:\/\/trasas.com.vn\/\"},{\"@type\":\"ListItem\",\"position\":2,\"name\":\"Chemical &amp; Dangerous Goods Warehouse\"}]},{\"@type\":\"WebSite\",\"@id\":\"https:\/\/trasas.com.vn\/#website\",\"url\":\"https:\/\/trasas.com.vn\/\",\"name\":\"TRA-SAS\",\"description\":\"\",\"potentialAction\":[{\"@type\":\"SearchAction\",\"target\":{\"@type\":\"EntryPoint\",\"urlTemplate\":\"https:\/\/trasas.com.vn\/?s={search_term_string}\"},\"query-input\":{\"@type\":\"PropertyValueSpecification\",\"valueRequired\":true,\"valueName\":\"search_term_string\"}}],\"inLanguage\":\"vi\"}]}<\/script>\n<!-- \/ Yoast SEO plugin. -->","yoast_head_json":{"title":"Chemical &amp; Dangerous Goods Warehouse - TRA-SAS","robots":{"index":"index","follow":"follow","max-snippet":"max-snippet:-1","max-image-preview":"max-image-preview:large","max-video-preview":"max-video-preview:-1"},"canonical":"https:\/\/trasas.com.vn\/vi\/chemical-dangerous-goods-warehouse\/","og_locale":"vi_VN","og_type":"article","og_title":"Chemical &amp; Dangerous Goods Warehouse - TRA-SAS","og_description":"\u2022 In the current market economy, especially in the industrial production sector, Chemicals are actually playing an important role and present in almost all production facilities. However, how to manage, transport and store Chemicals effectively is still a big challenge for all enterprises, because the number of Chemical and Dangerous Goods Warehouses which are licensed [&hellip;]","og_url":"https:\/\/trasas.com.vn\/vi\/chemical-dangerous-goods-warehouse\/","og_site_name":"TRA-SAS","article_modified_time":"2024-01-30T03:51:56+00:00","og_image":[{"width":2560,"height":1040,"url":"https:\/\/trasas.com.vn\/wp-content\/uploads\/2024\/01\/Hinh-Kho-DG--scaled.jpg","type":"image\/jpeg"}],"twitter_card":"summary_large_image","twitter_misc":{"\u01af\u1edbc t\u00ednh th\u1eddi gian \u0111\u1ecdc":"3 ph\u00fat"},"schema":{"@context":"https:\/\/schema.org","@graph":[{"@type":"WebPage","@id":"https:\/\/trasas.com.vn\/chemical-dangerous-goods-warehouse\/","url":"https:\/\/trasas.com.vn\/chemical-dangerous-goods-warehouse\/","name":"Chemical &amp; Dangerous Goods Warehouse - TRA-SAS","isPartOf":{"@id":"https:\/\/trasas.com.vn\/#website"},"primaryImageOfPage":{"@id":"https:\/\/trasas.com.vn\/chemical-dangerous-goods-warehouse\/#primaryimage"},"image":{"@id":"https:\/\/trasas.com.vn\/chemical-dangerous-goods-warehouse\/#primaryimage"},"thumbnailUrl":"https:\/\/trasas.com.vn\/wp-content\/uploads\/2024\/01\/Hinh-Kho-DG--scaled.jpg","datePublished":"2023-12-19T09:48:50+00:00","dateModified":"2024-01-30T03:51:56+00:00","breadcrumb":{"@id":"https:\/\/trasas.com.vn\/chemical-dangerous-goods-warehouse\/#breadcrumb"},"inLanguage":"vi","potentialAction":[{"@type":"ReadAction","target":["https:\/\/trasas.com.vn\/chemical-dangerous-goods-warehouse\/"]}]},{"@type":"ImageObject","inLanguage":"vi","@id":"https:\/\/trasas.com.vn\/chemical-dangerous-goods-warehouse\/#primaryimage","url":"https:\/\/trasas.com.vn\/wp-content\/uploads\/2024\/01\/Hinh-Kho-DG--scaled.jpg","contentUrl":"https:\/\/trasas.com.vn\/wp-content\/uploads\/2024\/01\/Hinh-Kho-DG--scaled.jpg","width":2560,"height":1040},{"@type":"BreadcrumbList","@id":"https:\/\/trasas.com.vn\/chemical-dangerous-goods-warehouse\/#breadcrumb","itemListElement":[{"@type":"ListItem","position":1,"name":"Home","item":"https:\/\/trasas.com.vn\/"},{"@type":"ListItem","position":2,"name":"Chemical &amp; Dangerous Goods Warehouse"}]},{"@type":"WebSite","@id":"https:\/\/trasas.com.vn\/#website","url":"https:\/\/trasas.com.vn\/","name":"TRA-SAS","description":"","potentialAction":[{"@type":"SearchAction","target":{"@type":"EntryPoint","urlTemplate":"https:\/\/trasas.com.vn\/?s={search_term_string}"},"query-input":{"@type":"PropertyValueSpecification","valueRequired":true,"valueName":"search_term_string"}}],"inLanguage":"vi"}]}},"_links":{"self":[{"href":"https:\/\/trasas.com.vn\/vi\/wp-json\/wp\/v2\/pages\/277","targetHints":{"allow":["GET"]}}],"collection":[{"href":"https:\/\/trasas.com.vn\/vi\/wp-json\/wp\/v2\/pages"}],"about":[{"href":"https:\/\/trasas.com.vn\/vi\/wp-json\/wp\/v2\/types\/page"}],"author":[{"embeddable":true,"href":"https:\/\/trasas.com.vn\/vi\/wp-json\/wp\/v2\/users\/1"}],"replies":[{"embeddable":true,"href":"https:\/\/trasas.com.vn\/vi\/wp-json\/wp\/v2\/comments?post=277"}],"version-history":[{"count":6,"href":"https:\/\/trasas.com.vn\/vi\/wp-json\/wp\/v2\/pages\/277\/revisions"}],"predecessor-version":[{"id":539,"href":"https:\/\/trasas.com.vn\/vi\/wp-json\/wp\/v2\/pages\/277\/revisions\/539"}],"wp:featuredmedia":[{"embeddable":true,"href":"https:\/\/trasas.com.vn\/vi\/wp-json\/wp\/v2\/media\/2028"}],"wp:attachment":[{"href":"https:\/\/trasas.com.vn\/vi\/wp-json\/wp\/v2\/media?parent=277"}],"curies":[{"name":"wp","href":"https:\/\/api.w.org\/{rel}","templated":true}]}}