{"id":275,"date":"2023-12-19T16:48:25","date_gmt":"2023-12-19T09:48:25","guid":{"rendered":"https:\/\/trasas.com.vn\/?page_id=275"},"modified":"2024-01-31T16:21:22","modified_gmt":"2024-01-31T09:21:22","slug":"distribution-center-service","status":"publish","type":"page","link":"https:\/\/trasas.com.vn\/vi\/distribution-center-service\/","title":{"rendered":"Trung T\u00e2m Ph\u00e2n Ph\u1ed1i"},"content":{"rendered":"<p>D\u1ecbch v\u1ee5 Kho V\u1eadn v\u00e0 Trung T\u00e2m Ph\u00e2n Ph\u1ed1i l\u00e0 ho\u1ea1t \u0111\u1ed9ng \u0111\u00e3 v\u00e0 \u0111ang \u0111\u01b0\u1ee3c t\u1eadp trung ph\u00e1t tri\u1ec3n b\u1edfi <strong>C\u00f4ng ty C\u1ed5 Ph\u1ea7n V\u1eadn T\u1ea3i V\u00e0 D\u1ecbch V\u1ee5 H\u00e0ng H\u1ea3i - TRA-SAS<\/strong>, \u0111\u00e2y l\u00e0 n\u1ec1n t\u1ea3ng c\u1ed1t l\u00f5i cho c\u00e1c gi\u1ea3i ph\u00e1p qu\u1ea3n l\u00fd chu\u1ed7i cung \u1ee9ng hi\u1ec7u qu\u1ea3 c\u1ee7a ch\u00fang t\u00f4i.<\/p>\n\n\n\n<p>C\u00f4ng ty ch\u00fang t\u00f4i l\u00e0m vi\u1ec7c tr\u00ean n\u1ec1n t\u1ea3ng c\u00f4ng ngh\u1ec7 ti\u00ean ti\u1ebfn \u0111\u1ec3 cung c\u1ea5p d\u1ecbch v\u1ee5, bao g\u1ed3m t\u1ea5t c\u1ea3 c\u00e1c d\u1ecbch v\u1ee5 h\u1eadu c\u1ea7n nh\u01b0 l\u01b0u kho, ph\u00e2n ph\u1ed1i, d\u00e1n nh\u00e3n, \u0111\u00f3ng g\u00f3i, l\u01b0u tr\u1eef, qu\u1ea3n l\u00fd h\u00e0ng t\u1ed3n kho. Ch\u00fang t\u00f4i cam k\u1ebft cung c\u1ea5p gi\u1ea3i ph\u00e1p qu\u1ea3n l\u00fd chu\u1ed7i cung \u1ee9ng to\u00e0n di\u1ec7n  gi\u00fap kh\u00e1ch h\u00e0ng theo k\u1ecbp v\u1edbi nh\u1eefng bi\u1ebfn \u0111\u1ed5i nhanh ch\u00f3ng tr\u00ean th\u1ecb tr\u01b0\u1eddng v\u00e0 t\u1eadp trung v\u00e0o l\u0129nh v\u1ef1c kinh doanh c\u1ed1t l\u00f5i c\u1ee7a doanh nghi\u1ec7p.<\/p>\n\n\n\n<p><strong>- H\u1ec7 th\u1ed1ng Kho V\u1eadn v\u00e0 Trung T\u00e2m Ph\u00e2n Ph\u1ed1i c\u1ee7a TRA-SAS:<\/strong><\/p>\n\n\n\n<figure class=\"wp-block-table\"><table><tbody><tr><td>T\u00ean<\/td><td>\u0110\u1ecba \u0111i\u1ec3m<\/td><td>T\u1ed5ng di\u1ec7n t\u00edch<\/td><\/tr><tr><td>DC1<\/td><td>243B, Qu\u1ed1c l\u1ed9 1, B\u00ecnh D\u01b0\u01a1ng<\/td><td>1,600<\/td><\/tr><tr><td>DC2<\/td><td>DT743, Thu\u1eadn An, T\u1ec9nh B\u00ecnh D\u01b0\u01a1ng<\/td><td>10,000<\/td><\/tr><tr><td>DC3<\/td><td>1A, An Ph\u00fa, Thu\u1eadn An, B\u00ecnh D\u01b0\u01a1ng<\/td><td>5,000<\/td><\/tr><tr><td>DC4<\/td><td>Thu\u1eadn Quang, D\u01b0\u01a1ng X\u00e1, Gia L\u00e2m, H\u00e0 N\u1ed9i<\/td><td>5,400<\/td><\/tr><tr><td>Kho H\u00f3a Ch\u1ea5t V\u00e0 H\u00e0ng Nguy Hi\u1ec3m<\/td><td>Ph\u00fa Th\u1ea1nh, Nh\u01a1n Tr\u1ea1ch, \u0110\u1ed3ng Nai<\/td><td>16,818<\/td><\/tr><\/tbody><\/table><\/figure>\n\n\n\n<p>&#8211; <strong>\u0110\u1eb7c \u0111i\u1ec3m n\u1ed5i b\u1eadt:<\/strong><\/p>\n\n\n\n<ul class=\"wp-block-list\">\n<li>C\u00e1c kho b\u00e3i v\u00e0 trung t\u00e2m ph\u00e2n ph\u1ed1i \u0111\u1ec1u n\u1eb1m \u1edf nh\u1eefng v\u1ecb tr\u00ed \u0111\u1eafc \u0111\u1ecba t\u1ea1i c\u00e1c trung t\u00e2m kinh t\u1ebf l\u1edbn c\u1ee7a c\u1ea3 n\u01b0\u1edbc<\/li>\n\n\n\n<li>Khai th\u00e1c h\u1ec7 th\u1ed1ng kho c\u00f3 di\u1ec7n t\u00edch l\u1edbn v\u00e0 hi\u1ec7n \u0111\u1ea1i<\/li>\n\n\n\n<li>C\u00f3 h\u1ec7 th\u1ed1ng kho \u0111a d\u1ea1ng t\u1eeb kho h\u00e0ng th\u1ef1c ph\u1ea9m, h\u00e0ng c\u00f3 ngu\u1ed1c g\u1ed1c \u0111\u1ed9ng v\u1eadt, h\u00e0ng m\u00e1y m\u00f3c, thi\u1ebft b\u1ecb, nguy\u00ean li\u1ec7u s\u1ea3n xu\u1ea5t \u0111\u1ebfn kho h\u00f3a ch\u1ea5t v\u00e0 h\u00e0ng nguy hi\u1ec3m<\/li>\n\n\n\n<li>\u0110\u01b0\u1ee3c trang b\u1ecb n\u1ec1n t\u1ea3ng C\u00f4ng ngh\u1ec7 th\u00f4ng tin ti\u00ean ti\u1ebfn ph\u1ee5c v\u1ee5 cho vi\u1ec7c v\u1eadn h\u00e0nh hi\u1ec7u qu\u1ea3 bao g\u1ed3m h\u1ec7 th\u1ed1ng qu\u1ea3n l\u00fd <strong>SAP, TMS, WMS<\/strong> v\u00e0 Thi\u1ebft b\u1ecb qu\u00e9t m\u00e3 v\u1ea1ch c\u1ea7m tay hi\u1ec7n \u0111\u1ea1i \u0111\u01b0\u1ee3c thi\u1ebft l\u1eadp v\u1edbi ti\u00eau ch\u00ed ph\u00f9 h\u1ee3p, linh ho\u1ea1t, ch\u00ednh x\u00e1c cao. H\u1ec7 th\u1ed1ng cho ph\u00e9p s\u1eeda \u0111\u1ed5i \u0111\u00e1p \u1ee9ng nhu c\u1ea7u kh\u00e1c nhau c\u1ee7a m\u1ed7i kh\u00e1ch h\u00e0ng bao g\u1ed3m l\u01b0u tr\u1eef th\u00f4ng tin s\u1ea3n ph\u1ea9m, qu\u1ea3n l\u00fd h\u00e0ng t\u1ed3n kho v\u00e0 c\u00f3 kh\u1ea3 n\u0103ng th\u1ef1c hi\u1ec7n k\u1ebft n\u1ed1i t\u1ef1 \u0111\u1ed9ng v\u1edbi h\u1ec7 th\u1ed1ng qu\u1ea3n l\u00fd c\u1ee7a kh\u00e1ch h\u00e0ng<\/li>\n\n\n\n<li>C\u00f3 h\u1ec7 th\u1ed1ng th\u00f4ng gi\u00f3, ki\u1ec3m so\u00e1t nhi\u1ec7t \u0111\u1ed9, \u0111\u1ed9 \u1ea9m, c\u00f4n tr\u00f9ng, h\u1ec7 th\u1ed1ng camera gi\u00e1m s\u00e1t an ninh, ph\u00f2ng ch\u00e1y ch\u1eefa ch\u00e1y<\/li>\n\n\n\n<li>C\u00f3 ph\u00f2ng m\u00e1t \u0111\u1ec3 l\u01b0u tr\u1eef m\u1ed9t s\u1ed1 m\u1eb7t h\u00e0ng c\u00f3 y\u00eau c\u1ea7u v\u1ec1 ki\u1ec3m so\u00e1t nhi\u1ec7t \u0111\u1ed9 b\u1ea3o qu\u1ea3n<\/li>\n\n\n\n<li>Th\u1ef1c hi\u1ec7n t\u1ea5t c\u1ea3 c\u00e1c d\u1ecbch v\u1ee5 gia t\u0103ng theo y\u00eau c\u1ea7u c\u1ee7a kh\u00e1ch h\u00e0ng bao g\u1ed3m ph\u00e2n lo\u1ea1i, s\u1eafp x\u1ebfp, d\u00e1n nh\u00e3n, \u0111\u00f3ng g\u00f3i bao b\u00ec\u2026<\/li>\n<\/ul>\n\n\n\n<p><strong>- Kh\u00e1ch h\u00e0ng ti\u00eau bi\u1ec3u<\/strong>:<\/p>\n\n\n\n<figure class=\"wp-block-image size-full\"><img loading=\"lazy\" decoding=\"async\" width=\"975\" height=\"464\" src=\"https:\/\/trasas.com.vn\/wp-content\/uploads\/2024\/01\/image-2.png\" alt=\"\" class=\"wp-image-526\" srcset=\"https:\/\/trasas.com.vn\/wp-content\/uploads\/2024\/01\/image-2.png 975w, https:\/\/trasas.com.vn\/wp-content\/uploads\/2024\/01\/image-2-768x365.png 768w, https:\/\/trasas.com.vn\/wp-content\/uploads\/2024\/01\/image-2-18x9.png 18w\" sizes=\"auto, (max-width: 975px) 100vw, 975px\" \/><\/figure>","protected":false},"excerpt":{"rendered":"<p>&#8211; Warehousing and Distribution Center services have been strongly invested by TRA-SAS, which is the core foundation for our effective supply chain management solutions. &#8211; Our company operates on an advanced technology platform to provide comprehensive services, including all aspects of logistics such as warehousing, distribution, labeling, packaging, storage, and inventory management. We are committed [&hellip;]<\/p>","protected":false},"author":1,"featured_media":315,"parent":0,"menu_order":0,"comment_status":"closed","ping_status":"closed","template":"template-parts\/services-pages.php","meta":{"footnotes":""},"class_list":["post-275","page","type-page","status-publish","has-post-thumbnail","hentry"],"acf":[],"yoast_head":"<!-- This site is optimized with the Yoast SEO plugin v25.8 - https:\/\/yoast.com\/wordpress\/plugins\/seo\/ -->\n<title>Distribution Center Service - TRA-SAS<\/title>\n<meta name=\"robots\" content=\"index, follow, max-snippet:-1, max-image-preview:large, max-video-preview:-1\" \/>\n<link rel=\"canonical\" href=\"https:\/\/trasas.com.vn\/vi\/distribution-center-service\/\" \/>\n<meta property=\"og:locale\" content=\"vi_VN\" \/>\n<meta property=\"og:type\" content=\"article\" \/>\n<meta property=\"og:title\" content=\"Distribution Center Service - TRA-SAS\" \/>\n<meta property=\"og:description\" content=\"&#8211; Warehousing and Distribution Center services have been strongly invested by TRA-SAS, which is the core foundation for our effective supply chain management solutions. &#8211; Our company operates on an advanced technology platform to provide comprehensive services, including all aspects of logistics such as warehousing, distribution, labeling, packaging, storage, and inventory management. We are committed [&hellip;]\" \/>\n<meta property=\"og:url\" content=\"https:\/\/trasas.com.vn\/vi\/distribution-center-service\/\" \/>\n<meta property=\"og:site_name\" content=\"TRA-SAS\" \/>\n<meta property=\"article:modified_time\" content=\"2024-01-31T09:21:22+00:00\" \/>\n<meta property=\"og:image\" content=\"https:\/\/trasas.com.vn\/wp-content\/uploads\/2023\/12\/TRASAS-DG-2.jpg\" \/>\n\t<meta property=\"og:image:width\" content=\"1280\" \/>\n\t<meta property=\"og:image:height\" content=\"752\" \/>\n\t<meta property=\"og:image:type\" content=\"image\/jpeg\" \/>\n<meta name=\"twitter:card\" content=\"summary_large_image\" \/>\n<meta name=\"twitter:label1\" content=\"\u01af\u1edbc t\u00ednh th\u1eddi gian \u0111\u1ecdc\" \/>\n\t<meta name=\"twitter:data1\" content=\"2 ph\u00fat\" \/>\n<script type=\"application\/ld+json\" class=\"yoast-schema-graph\">{\"@context\":\"https:\/\/schema.org\",\"@graph\":[{\"@type\":\"WebPage\",\"@id\":\"https:\/\/trasas.com.vn\/distribution-center-service\/\",\"url\":\"https:\/\/trasas.com.vn\/distribution-center-service\/\",\"name\":\"Distribution Center Service - TRA-SAS\",\"isPartOf\":{\"@id\":\"https:\/\/trasas.com.vn\/#website\"},\"primaryImageOfPage\":{\"@id\":\"https:\/\/trasas.com.vn\/distribution-center-service\/#primaryimage\"},\"image\":{\"@id\":\"https:\/\/trasas.com.vn\/distribution-center-service\/#primaryimage\"},\"thumbnailUrl\":\"https:\/\/trasas.com.vn\/wp-content\/uploads\/2023\/12\/TRASAS-DG-2.jpg\",\"datePublished\":\"2023-12-19T09:48:25+00:00\",\"dateModified\":\"2024-01-31T09:21:22+00:00\",\"breadcrumb\":{\"@id\":\"https:\/\/trasas.com.vn\/distribution-center-service\/#breadcrumb\"},\"inLanguage\":\"vi\",\"potentialAction\":[{\"@type\":\"ReadAction\",\"target\":[\"https:\/\/trasas.com.vn\/distribution-center-service\/\"]}]},{\"@type\":\"ImageObject\",\"inLanguage\":\"vi\",\"@id\":\"https:\/\/trasas.com.vn\/distribution-center-service\/#primaryimage\",\"url\":\"https:\/\/trasas.com.vn\/wp-content\/uploads\/2023\/12\/TRASAS-DG-2.jpg\",\"contentUrl\":\"https:\/\/trasas.com.vn\/wp-content\/uploads\/2023\/12\/TRASAS-DG-2.jpg\",\"width\":1280,\"height\":752},{\"@type\":\"BreadcrumbList\",\"@id\":\"https:\/\/trasas.com.vn\/distribution-center-service\/#breadcrumb\",\"itemListElement\":[{\"@type\":\"ListItem\",\"position\":1,\"name\":\"Home\",\"item\":\"https:\/\/trasas.com.vn\/\"},{\"@type\":\"ListItem\",\"position\":2,\"name\":\"Distribution Center Service\"}]},{\"@type\":\"WebSite\",\"@id\":\"https:\/\/trasas.com.vn\/#website\",\"url\":\"https:\/\/trasas.com.vn\/\",\"name\":\"TRA-SAS\",\"description\":\"\",\"potentialAction\":[{\"@type\":\"SearchAction\",\"target\":{\"@type\":\"EntryPoint\",\"urlTemplate\":\"https:\/\/trasas.com.vn\/?s={search_term_string}\"},\"query-input\":{\"@type\":\"PropertyValueSpecification\",\"valueRequired\":true,\"valueName\":\"search_term_string\"}}],\"inLanguage\":\"vi\"}]}<\/script>\n<!-- \/ Yoast SEO plugin. -->","yoast_head_json":{"title":"Distribution Center Service - TRA-SAS","robots":{"index":"index","follow":"follow","max-snippet":"max-snippet:-1","max-image-preview":"max-image-preview:large","max-video-preview":"max-video-preview:-1"},"canonical":"https:\/\/trasas.com.vn\/vi\/distribution-center-service\/","og_locale":"vi_VN","og_type":"article","og_title":"Distribution Center Service - TRA-SAS","og_description":"&#8211; Warehousing and Distribution Center services have been strongly invested by TRA-SAS, which is the core foundation for our effective supply chain management solutions. &#8211; Our company operates on an advanced technology platform to provide comprehensive services, including all aspects of logistics such as warehousing, distribution, labeling, packaging, storage, and inventory management. We are committed [&hellip;]","og_url":"https:\/\/trasas.com.vn\/vi\/distribution-center-service\/","og_site_name":"TRA-SAS","article_modified_time":"2024-01-31T09:21:22+00:00","og_image":[{"width":1280,"height":752,"url":"https:\/\/trasas.com.vn\/wp-content\/uploads\/2023\/12\/TRASAS-DG-2.jpg","type":"image\/jpeg"}],"twitter_card":"summary_large_image","twitter_misc":{"\u01af\u1edbc t\u00ednh th\u1eddi gian \u0111\u1ecdc":"2 ph\u00fat"},"schema":{"@context":"https:\/\/schema.org","@graph":[{"@type":"WebPage","@id":"https:\/\/trasas.com.vn\/distribution-center-service\/","url":"https:\/\/trasas.com.vn\/distribution-center-service\/","name":"Distribution Center Service - TRA-SAS","isPartOf":{"@id":"https:\/\/trasas.com.vn\/#website"},"primaryImageOfPage":{"@id":"https:\/\/trasas.com.vn\/distribution-center-service\/#primaryimage"},"image":{"@id":"https:\/\/trasas.com.vn\/distribution-center-service\/#primaryimage"},"thumbnailUrl":"https:\/\/trasas.com.vn\/wp-content\/uploads\/2023\/12\/TRASAS-DG-2.jpg","datePublished":"2023-12-19T09:48:25+00:00","dateModified":"2024-01-31T09:21:22+00:00","breadcrumb":{"@id":"https:\/\/trasas.com.vn\/distribution-center-service\/#breadcrumb"},"inLanguage":"vi","potentialAction":[{"@type":"ReadAction","target":["https:\/\/trasas.com.vn\/distribution-center-service\/"]}]},{"@type":"ImageObject","inLanguage":"vi","@id":"https:\/\/trasas.com.vn\/distribution-center-service\/#primaryimage","url":"https:\/\/trasas.com.vn\/wp-content\/uploads\/2023\/12\/TRASAS-DG-2.jpg","contentUrl":"https:\/\/trasas.com.vn\/wp-content\/uploads\/2023\/12\/TRASAS-DG-2.jpg","width":1280,"height":752},{"@type":"BreadcrumbList","@id":"https:\/\/trasas.com.vn\/distribution-center-service\/#breadcrumb","itemListElement":[{"@type":"ListItem","position":1,"name":"Home","item":"https:\/\/trasas.com.vn\/"},{"@type":"ListItem","position":2,"name":"Distribution Center Service"}]},{"@type":"WebSite","@id":"https:\/\/trasas.com.vn\/#website","url":"https:\/\/trasas.com.vn\/","name":"TRA-SAS","description":"","potentialAction":[{"@type":"SearchAction","target":{"@type":"EntryPoint","urlTemplate":"https:\/\/trasas.com.vn\/?s={search_term_string}"},"query-input":{"@type":"PropertyValueSpecification","valueRequired":true,"valueName":"search_term_string"}}],"inLanguage":"vi"}]}},"_links":{"self":[{"href":"https:\/\/trasas.com.vn\/vi\/wp-json\/wp\/v2\/pages\/275","targetHints":{"allow":["GET"]}}],"collection":[{"href":"https:\/\/trasas.com.vn\/vi\/wp-json\/wp\/v2\/pages"}],"about":[{"href":"https:\/\/trasas.com.vn\/vi\/wp-json\/wp\/v2\/types\/page"}],"author":[{"embeddable":true,"href":"https:\/\/trasas.com.vn\/vi\/wp-json\/wp\/v2\/users\/1"}],"replies":[{"embeddable":true,"href":"https:\/\/trasas.com.vn\/vi\/wp-json\/wp\/v2\/comments?post=275"}],"version-history":[{"count":10,"href":"https:\/\/trasas.com.vn\/vi\/wp-json\/wp\/v2\/pages\/275\/revisions"}],"predecessor-version":[{"id":2050,"href":"https:\/\/trasas.com.vn\/vi\/wp-json\/wp\/v2\/pages\/275\/revisions\/2050"}],"wp:featuredmedia":[{"embeddable":true,"href":"https:\/\/trasas.com.vn\/vi\/wp-json\/wp\/v2\/media\/315"}],"wp:attachment":[{"href":"https:\/\/trasas.com.vn\/vi\/wp-json\/wp\/v2\/media?parent=275"}],"curies":[{"name":"wp","href":"https:\/\/api.w.org\/{rel}","templated":true}]}}