{"id":273,"date":"2023-12-19T16:48:01","date_gmt":"2023-12-19T09:48:01","guid":{"rendered":"https:\/\/trasas.com.vn\/?page_id=273"},"modified":"2024-01-30T14:28:50","modified_gmt":"2024-01-30T07:28:50","slug":"customs-brokerage-service","status":"publish","type":"page","link":"https:\/\/trasas.com.vn\/vi\/customs-brokerage-service\/","title":{"rendered":"\u0110\u1ea1i L\u00fd Khai Thu\u00ea H\u1ea3i Quan"},"content":{"rendered":"<p>Khai b\u00e1o v\u00e0 l\u00e0m Th\u1ee7 T\u1ee5c H\u1ea3i Quan l\u00e0 kh\u00e2u \u0111\u00f3ng vai tr\u00f2 quan tr\u1ecdng h\u00e0ng \u0111\u1ea7u trong ho\u1ea1t \u0111\u1ed9ng xu\u1ea5t nh\u1eadp kh\u1ea9u c\u1ee7a c\u00e1c Doanh nghi\u1ec7p. V\u1edbi c\u00e1c th\u1ee7 t\u1ee5c, ch\u1ee9ng t\u1eeb ph\u1ee9c t\u1ea1p, v\u00e0 c\u00e1c quy \u0111\u1ecbnh ph\u00e1p lu\u1eadt lu\u00f4n thay \u0111\u1ed5i li\u00ean t\u1ee5c, n\u1ebfu ch\u01b0a k\u1ecbp c\u1eadp nh\u1eadt v\u00e0 t\u00edch l\u0169y kinh nghi\u1ec7m, Doanh nghi\u1ec7p s\u1ebd g\u1eb7p ph\u1ea3i nh\u1eefng tr\u1edf ng\u1ea1i c\u00f9ng c\u00e1c s\u1ef1 c\u1ed1 ph\u00e1t sinh ngo\u00e0i \u00fd mu\u1ed1n.<\/p>\n\n\n\n<p>\u2013&nbsp;<strong>C\u00f4ng ty C\u1ed5 Ph\u1ea7n V\u1eadn T\u1ea3i V\u00e0 D\u1ecbch V\u1ee5 H\u00e0ng H\u1ea3i - TRA-SAS<\/strong>, v\u1edbi \u0111\u1ed9i ng\u0169 nh\u00e2n s\u1ef1 v\u00e0 qu\u1ea3n l\u00fd gi\u00e0u ki\u1ebfn th\u1ee9c, kinh nghi\u1ec7m, nhi\u1ec7t t\u00ecnh v\u00e0 chuy\u00ean nghi\u1ec7p, ch\u00fang t\u00f4i t\u1ef1 h\u00e0o l\u00e0 \u0111\u01a1n v\u1ecb d\u1eabn \u0111\u1ea7u trong vi\u1ec7c cung c\u1ea5p d\u1ecbch v\u1ee5 khai b\u00e1o h\u1ea3i quan cho t\u1ea5t c\u1ea3 c\u00e1c Doanh nghi\u1ec7p v\u1edbi m\u1ee5c ti\u00eau uy t\u00edn, ch\u00ednh x\u00e1c, ti\u1ebft ki\u1ec7m v\u00e0 hi\u1ec7u qu\u1ea3. B\u00ean c\u1ea1nh \u0111\u00f3 \u0111\u1ed9i ng\u0169 c\u1ee7a ch\u00fang t\u00f4i c\u00f3 th\u1ec3 t\u01b0 v\u1ea5n cho kh\u00e1ch h\u00e0ng m\u1ed9t c\u00e1ch nhanh ch\u00f3ng v\u00e0 ch\u00ednh x\u00e1c nh\u1eb1m khai \u0111\u00fang, khai \u0111\u1ee7 v\u00e0 t\u1eadn d\u1ee5ng \u0111\u01b0\u1ee3c c\u00e1c ch\u00ednh s\u00e1ch \u01b0u \u0111\u00e3i c\u1ee7a nh\u00e0 n\u01b0\u1edbc nh\u1eb1m b\u1ea3o v\u1ec7 l\u1ee3i \u00edch c\u1ee7a nh\u00e0 nh\u1eadp kh\u1ea9u, xu\u1ea5t kh\u1ea9u, s\u1ef1 tin t\u01b0\u1edfng c\u1ee7a c\u01a1 quan h\u1ea3i quan trong d\u1ecbch v\u1ee5 \u0111\u1ea1i l\u00fd h\u1ea3i quan.<\/p>\n\n\n\n<p>-\tGi\u1ea5y ph\u00e9p ho\u1ea1t \u0111\u1ed9ng \u0110\u1ea1i L\u00fd H\u1ea3i Quan c\u1ee7a TRA-SAS s\u1ed1 : <strong>3069\/Q\u0110-TCHQ<\/strong> (09\/10\/2015) v\u00e0 h\u01a1n 60 nh\u00e2n vi\u00ean c\u1ee7a C\u00f4ng ty \u0111\u01b0\u1ee3c T\u1ed5ng C\u1ee5c H\u1ea3i Quan c\u1ea5p Ch\u1ee9ng Ch\u1ec9 Nghi\u1ec7p V\u1ee5 Khai B\u00e1o H\u1ea3i Quan chuy\u00ean nghi\u1ec7p. V\u1edbi n\u1ec1n t\u1ea3ng EDI v\u00e0 k\u1ebft n\u1ed1i s\u1ed1 h\u00f3a hi\u1ec7n \u0111\u1ea1i, TRA-SAS cam k\u1ebft th\u00f4ng quan h\u00e0ng h\u00f3a c\u1ee7a kh\u00e1ch h\u00e0ng m\u1ed9t c\u00e1ch nhanh ch\u00f3ng, thu\u1eadn l\u1ee3i v\u00e0 v\u1eabn \u0111\u1ea3m b\u1ea3o gi\u00e1 c\u1ea3 d\u1ecbch v\u1ee5 c\u1ea1nh tranh tr\u00ean th\u1ecb tr\u01b0\u1eddng.<\/p>\n\n\n\n<figure class=\"wp-block-image size-full\"><img loading=\"lazy\" decoding=\"async\" width=\"808\" height=\"566\" src=\"https:\/\/trasas.com.vn\/wp-content\/uploads\/2024\/01\/Xe-o-muc-Thu-tuc-hai-quan.jpg\" alt=\"\" class=\"wp-image-2022\" srcset=\"https:\/\/trasas.com.vn\/wp-content\/uploads\/2024\/01\/Xe-o-muc-Thu-tuc-hai-quan.jpg 808w, https:\/\/trasas.com.vn\/wp-content\/uploads\/2024\/01\/Xe-o-muc-Thu-tuc-hai-quan-768x538.jpg 768w, https:\/\/trasas.com.vn\/wp-content\/uploads\/2024\/01\/Xe-o-muc-Thu-tuc-hai-quan-18x12.jpg 18w\" sizes=\"auto, (max-width: 808px) 100vw, 808px\" \/><\/figure>\n\n\n\n<p><strong>&#8211; TRA-SAS <\/strong>chuy\u00ean cung c\u1ea5p c\u00e1c d\u1ecbch v\u1ee5:<\/p>\n\n\n\n<ul class=\"wp-block-list\">\n<li>T\u01b0 v\u1ea5n v\u1ec1 ch\u00ednh s\u00e1ch thu\u1ebf<\/li>\n\n\n\n<li>T\u01b0 v\u1ea5n v\u1ec1 th\u1ee7 t\u1ee5c xu\u1ea5t nh\u1eadp kh\u1ea9u, ch\u00ednh s\u00e1ch qu\u1ea3n l\u00fd h\u00e0ng h\u00f3a<\/li>\n\n\n\n<li>Xin gi\u1ea5y ph\u00e9p nh\u1eadp kh\u1ea9u, \u0111\u0103ng k\u00fd ki\u1ec3m tra chuy\u00ean ng\u00e0nh<\/li>\n\n\n\n<li>Ki\u1ec3m tra ch\u1ee9ng t\u1eeb xu\u1ea5t nh\u1eadp kh\u1ea9u, khai b\u00e1o h\u1ea3i quan<\/li>\n\n\n\n<li>Xin Gi\u1ea5y ch\u1ee9ng nh\u1eadn xu\u1ea5t x\u1ee9, Gi\u1ea5y ch\u1ee9ng nh\u1eadn ki\u1ec3m d\u1ecbch s\u1ea3n ph\u1ea9m \u0111\u1ed9ng v\u1eadt v\u00e0 th\u1ef1c v\u1eadt cho h\u00e0ng xu\u1ea5t kh\u1ea9u<\/li>\n\n\n\n<li>C\u00e1c d\u1ecbch v\u1ee5 kh\u00e1c h\u1ed7 tr\u1ee3 cho ho\u1ea1t \u0111\u1ed9ng xu\u1ea5t nh\u1eadp kh\u1ea9u: l\u1ea5y m\u1eabu, hun tr\u00f9ng, \u0111\u0103ng k\u00fd B\u1ea3n t\u1ef1 c\u00f4ng b\u1ed1, B\u1ea3n c\u00f4ng b\u1ed1, Phi\u1ebfu c\u00f4ng b\u1ed1 m\u1ef9 ph\u1ea9m, Ph\u00e2n lo\u1ea1i trang thi\u1ebft b\u1ecb y t\u1ebf, ki\u1ec3m h\u00f3a, gi\u00e1m s\u00e1t h\u00e0ng h\u00f3a, mi\u1ec5n thu\u1ebf, ho\u00e0n thu\u1ebf, l\u00e0m vi\u1ec7c v\u1edbi c\u01a1 quan H\u1ea3i Quan v\u00e0 c\u00e1c b\u00ean li\u00ean quan, giao h\u00e0ng v\u1ec1 \u0111\u1ecba \u0111i\u1ec3m ch\u1ec9 \u0111\u1ecbnh\u2026<\/li>\n<\/ul>\n\n\n\n<p><strong>\u2013\u00a0<strong>Kh\u00e1ch h\u00e0ng ti\u00eau bi\u1ec3u:<\/strong><\/strong><\/p>\n\n\n\n<figure class=\"wp-block-image size-full\"><img loading=\"lazy\" decoding=\"async\" width=\"1167\" height=\"542\" src=\"https:\/\/trasas.com.vn\/wp-content\/uploads\/2024\/01\/hg.png\" alt=\"\" class=\"wp-image-2035\" srcset=\"https:\/\/trasas.com.vn\/wp-content\/uploads\/2024\/01\/hg.png 1167w, https:\/\/trasas.com.vn\/wp-content\/uploads\/2024\/01\/hg-768x357.png 768w, https:\/\/trasas.com.vn\/wp-content\/uploads\/2024\/01\/hg-18x8.png 18w\" sizes=\"auto, (max-width: 1167px) 100vw, 1167px\" \/><\/figure>\n\n\n\n<p>V\u00e0 m\u1ed9t s\u1ed1 kh\u00e1ch h\u00e0ng ti\u1ec1m n\u0103ng kh\u00e1c nh\u01b0: <strong>McDonald, Starbucks, TETRA PACK, L.S PACK, KPACK, Link Nature Power<\/strong>\u2026<\/p>\n\n\n\n<p><strong>- T\u1ea0I SAO CH\u1eccN TRA-SAS:<\/strong><\/p>\n\n\n\n<ol class=\"wp-block-list\">\n<li>Nh\u00e0 cung c\u1ea5p gi\u1ea3i ph\u00e1p logistics to\u00e0n di\u1ec7n.<\/li>\n\n\n\n<li>N\u0103ng l\u1ef1c t\u00e0i ch\u00ednh v\u1eefng m\u1ea1nh.<\/li>\n\n\n\n<li>\u0110\u1ed9i ng\u0169 nh\u00e2n vi\u00ean nhi\u1ec7t t\u00ecnh, gi\u00e0u kinh nghi\u1ec7m v\u00e0 chuy\u00ean nghi\u1ec7p.<\/li>\n\n\n\n<li>C\u01a1 s\u1edf v\u1eadt ch\u1ea5t hi\u1ec7n \u0111\u1ea1i v\u00e0 c\u00f4ng ngh\u1ec7 ti\u00ean ti\u1ebfn.<\/li>\n\n\n\n<li>H\u1ed3 s\u01a1 n\u0103ng l\u1ef1c \u0111\u00e3 \u0111\u01b0\u1ee3c ch\u1ee9ng minh, tu\u00e2n th\u1ee7 ch\u00ednh s\u00e1ch b\u1ea3o m\u1eadt v\u00e0 ti\u00eau chu\u1ea9n \u0111\u1ea1o \u0111\u1ee9c c\u1ee7a c\u00e1c t\u1eadp \u0111o\u00e0n nghi\u00eam ng\u1eb7t v\u00e0 \u0111\u01b0\u1ee3c c\u00e1c th\u01b0\u01a1ng hi\u1ec7u l\u1edbn tin c\u1eady<\/li>\n<\/ol>\n\n\n\n<p><\/p>","protected":false},"excerpt":{"rendered":"<p>Customs declaration and clearance play an important role in import and export activities of all Enterprises. With complicated procedures, documents and constantly changing legal regulations, without update on knowledge and experience, Corporations may encounter obstacles and unexpected incidents. \u2013&nbsp;TRA-SAS, with a team of knowledgeable, experienced, enthusiastic and professional human resources, we are proud to be [&hellip;]<\/p>","protected":false},"author":1,"featured_media":445,"parent":0,"menu_order":0,"comment_status":"closed","ping_status":"closed","template":"template-parts\/services-pages.php","meta":{"footnotes":""},"class_list":["post-273","page","type-page","status-publish","has-post-thumbnail","hentry"],"acf":[],"yoast_head":"<!-- This site is optimized with the Yoast SEO plugin v25.8 - https:\/\/yoast.com\/wordpress\/plugins\/seo\/ -->\n<title>Customs Brokerage Service - TRA-SAS<\/title>\n<meta name=\"robots\" content=\"index, follow, max-snippet:-1, max-image-preview:large, max-video-preview:-1\" \/>\n<link rel=\"canonical\" href=\"https:\/\/trasas.com.vn\/vi\/customs-brokerage-service\/\" \/>\n<meta property=\"og:locale\" content=\"vi_VN\" \/>\n<meta property=\"og:type\" content=\"article\" \/>\n<meta property=\"og:title\" content=\"Customs Brokerage Service - TRA-SAS\" \/>\n<meta property=\"og:description\" content=\"Customs declaration and clearance play an important role in import and export activities of all Enterprises. With complicated procedures, documents and constantly changing legal regulations, without update on knowledge and experience, Corporations may encounter obstacles and unexpected incidents. \u2013&nbsp;TRA-SAS, with a team of knowledgeable, experienced, enthusiastic and professional human resources, we are proud to be [&hellip;]\" \/>\n<meta property=\"og:url\" content=\"https:\/\/trasas.com.vn\/vi\/customs-brokerage-service\/\" \/>\n<meta property=\"og:site_name\" content=\"TRA-SAS\" \/>\n<meta property=\"article:modified_time\" content=\"2024-01-30T07:28:50+00:00\" \/>\n<meta property=\"og:image\" content=\"https:\/\/trasas.com.vn\/wp-content\/uploads\/2024\/01\/banner-international-forwarding.jpg\" \/>\n\t<meta property=\"og:image:width\" content=\"2000\" \/>\n\t<meta property=\"og:image:height\" content=\"935\" \/>\n\t<meta property=\"og:image:type\" content=\"image\/jpeg\" \/>\n<meta name=\"twitter:card\" content=\"summary_large_image\" \/>\n<meta name=\"twitter:label1\" content=\"\u01af\u1edbc t\u00ednh th\u1eddi gian \u0111\u1ecdc\" \/>\n\t<meta name=\"twitter:data1\" content=\"3 ph\u00fat\" \/>\n<script type=\"application\/ld+json\" class=\"yoast-schema-graph\">{\"@context\":\"https:\/\/schema.org\",\"@graph\":[{\"@type\":\"WebPage\",\"@id\":\"https:\/\/trasas.com.vn\/customs-brokerage-service\/\",\"url\":\"https:\/\/trasas.com.vn\/customs-brokerage-service\/\",\"name\":\"Customs Brokerage Service - TRA-SAS\",\"isPartOf\":{\"@id\":\"https:\/\/trasas.com.vn\/#website\"},\"primaryImageOfPage\":{\"@id\":\"https:\/\/trasas.com.vn\/customs-brokerage-service\/#primaryimage\"},\"image\":{\"@id\":\"https:\/\/trasas.com.vn\/customs-brokerage-service\/#primaryimage\"},\"thumbnailUrl\":\"https:\/\/trasas.com.vn\/wp-content\/uploads\/2024\/01\/banner-international-forwarding.jpg\",\"datePublished\":\"2023-12-19T09:48:01+00:00\",\"dateModified\":\"2024-01-30T07:28:50+00:00\",\"breadcrumb\":{\"@id\":\"https:\/\/trasas.com.vn\/customs-brokerage-service\/#breadcrumb\"},\"inLanguage\":\"vi\",\"potentialAction\":[{\"@type\":\"ReadAction\",\"target\":[\"https:\/\/trasas.com.vn\/customs-brokerage-service\/\"]}]},{\"@type\":\"ImageObject\",\"inLanguage\":\"vi\",\"@id\":\"https:\/\/trasas.com.vn\/customs-brokerage-service\/#primaryimage\",\"url\":\"https:\/\/trasas.com.vn\/wp-content\/uploads\/2024\/01\/banner-international-forwarding.jpg\",\"contentUrl\":\"https:\/\/trasas.com.vn\/wp-content\/uploads\/2024\/01\/banner-international-forwarding.jpg\",\"width\":2000,\"height\":935},{\"@type\":\"BreadcrumbList\",\"@id\":\"https:\/\/trasas.com.vn\/customs-brokerage-service\/#breadcrumb\",\"itemListElement\":[{\"@type\":\"ListItem\",\"position\":1,\"name\":\"Home\",\"item\":\"https:\/\/trasas.com.vn\/\"},{\"@type\":\"ListItem\",\"position\":2,\"name\":\"Customs Brokerage Service\"}]},{\"@type\":\"WebSite\",\"@id\":\"https:\/\/trasas.com.vn\/#website\",\"url\":\"https:\/\/trasas.com.vn\/\",\"name\":\"TRA-SAS\",\"description\":\"\",\"potentialAction\":[{\"@type\":\"SearchAction\",\"target\":{\"@type\":\"EntryPoint\",\"urlTemplate\":\"https:\/\/trasas.com.vn\/?s={search_term_string}\"},\"query-input\":{\"@type\":\"PropertyValueSpecification\",\"valueRequired\":true,\"valueName\":\"search_term_string\"}}],\"inLanguage\":\"vi\"}]}<\/script>\n<!-- \/ Yoast SEO plugin. -->","yoast_head_json":{"title":"Customs Brokerage Service - TRA-SAS","robots":{"index":"index","follow":"follow","max-snippet":"max-snippet:-1","max-image-preview":"max-image-preview:large","max-video-preview":"max-video-preview:-1"},"canonical":"https:\/\/trasas.com.vn\/vi\/customs-brokerage-service\/","og_locale":"vi_VN","og_type":"article","og_title":"Customs Brokerage Service - TRA-SAS","og_description":"Customs declaration and clearance play an important role in import and export activities of all Enterprises. With complicated procedures, documents and constantly changing legal regulations, without update on knowledge and experience, Corporations may encounter obstacles and unexpected incidents. \u2013&nbsp;TRA-SAS, with a team of knowledgeable, experienced, enthusiastic and professional human resources, we are proud to be [&hellip;]","og_url":"https:\/\/trasas.com.vn\/vi\/customs-brokerage-service\/","og_site_name":"TRA-SAS","article_modified_time":"2024-01-30T07:28:50+00:00","og_image":[{"width":2000,"height":935,"url":"https:\/\/trasas.com.vn\/wp-content\/uploads\/2024\/01\/banner-international-forwarding.jpg","type":"image\/jpeg"}],"twitter_card":"summary_large_image","twitter_misc":{"\u01af\u1edbc t\u00ednh th\u1eddi gian \u0111\u1ecdc":"3 ph\u00fat"},"schema":{"@context":"https:\/\/schema.org","@graph":[{"@type":"WebPage","@id":"https:\/\/trasas.com.vn\/customs-brokerage-service\/","url":"https:\/\/trasas.com.vn\/customs-brokerage-service\/","name":"Customs Brokerage Service - TRA-SAS","isPartOf":{"@id":"https:\/\/trasas.com.vn\/#website"},"primaryImageOfPage":{"@id":"https:\/\/trasas.com.vn\/customs-brokerage-service\/#primaryimage"},"image":{"@id":"https:\/\/trasas.com.vn\/customs-brokerage-service\/#primaryimage"},"thumbnailUrl":"https:\/\/trasas.com.vn\/wp-content\/uploads\/2024\/01\/banner-international-forwarding.jpg","datePublished":"2023-12-19T09:48:01+00:00","dateModified":"2024-01-30T07:28:50+00:00","breadcrumb":{"@id":"https:\/\/trasas.com.vn\/customs-brokerage-service\/#breadcrumb"},"inLanguage":"vi","potentialAction":[{"@type":"ReadAction","target":["https:\/\/trasas.com.vn\/customs-brokerage-service\/"]}]},{"@type":"ImageObject","inLanguage":"vi","@id":"https:\/\/trasas.com.vn\/customs-brokerage-service\/#primaryimage","url":"https:\/\/trasas.com.vn\/wp-content\/uploads\/2024\/01\/banner-international-forwarding.jpg","contentUrl":"https:\/\/trasas.com.vn\/wp-content\/uploads\/2024\/01\/banner-international-forwarding.jpg","width":2000,"height":935},{"@type":"BreadcrumbList","@id":"https:\/\/trasas.com.vn\/customs-brokerage-service\/#breadcrumb","itemListElement":[{"@type":"ListItem","position":1,"name":"Home","item":"https:\/\/trasas.com.vn\/"},{"@type":"ListItem","position":2,"name":"Customs Brokerage Service"}]},{"@type":"WebSite","@id":"https:\/\/trasas.com.vn\/#website","url":"https:\/\/trasas.com.vn\/","name":"TRA-SAS","description":"","potentialAction":[{"@type":"SearchAction","target":{"@type":"EntryPoint","urlTemplate":"https:\/\/trasas.com.vn\/?s={search_term_string}"},"query-input":{"@type":"PropertyValueSpecification","valueRequired":true,"valueName":"search_term_string"}}],"inLanguage":"vi"}]}},"_links":{"self":[{"href":"https:\/\/trasas.com.vn\/vi\/wp-json\/wp\/v2\/pages\/273","targetHints":{"allow":["GET"]}}],"collection":[{"href":"https:\/\/trasas.com.vn\/vi\/wp-json\/wp\/v2\/pages"}],"about":[{"href":"https:\/\/trasas.com.vn\/vi\/wp-json\/wp\/v2\/types\/page"}],"author":[{"embeddable":true,"href":"https:\/\/trasas.com.vn\/vi\/wp-json\/wp\/v2\/users\/1"}],"replies":[{"embeddable":true,"href":"https:\/\/trasas.com.vn\/vi\/wp-json\/wp\/v2\/comments?post=273"}],"version-history":[{"count":13,"href":"https:\/\/trasas.com.vn\/vi\/wp-json\/wp\/v2\/pages\/273\/revisions"}],"predecessor-version":[{"id":2036,"href":"https:\/\/trasas.com.vn\/vi\/wp-json\/wp\/v2\/pages\/273\/revisions\/2036"}],"wp:featuredmedia":[{"embeddable":true,"href":"https:\/\/trasas.com.vn\/vi\/wp-json\/wp\/v2\/media\/445"}],"wp:attachment":[{"href":"https:\/\/trasas.com.vn\/vi\/wp-json\/wp\/v2\/media?parent=273"}],"curies":[{"name":"wp","href":"https:\/\/api.w.org\/{rel}","templated":true}]}}